{"id":4636,"date":"2021-05-03T13:43:45","date_gmt":"2021-05-03T11:43:45","guid":{"rendered":"https:\/\/www.fsg-ruethen.de\/wp\/?page_id=4636"},"modified":"2024-11-17T14:19:38","modified_gmt":"2024-11-17T13:19:38","slug":"auf-nach-borkum","status":"publish","type":"page","link":"https:\/\/www.fsg-ruethen.de\/fsg\/auf-nach-borkum\/","title":{"rendered":"Auf nach Borkum!"},"content":{"rendered":"\n<h1 class=\"wp-block-heading\">Sommer, Sonne, Meer\u2026<\/h1>\n\n\n\n<p>Am Ende der Jahrgangsstufe 6 entdecken die Sch\u00fclerinnen und Sch\u00fcler gemeinsam mit ihren Klassen die Nordseeinsel Borkum.&nbsp;<br>Die gemeinsamen Erlebnisse bei&nbsp;Strandspielen und der Erkundung des Wattenmeers&nbsp;sowie die teambildenden Aktivit\u00e4ten f\u00f6rdern dabei&nbsp;den weiteren Zusammenhalt der Sch\u00fclerinnen und Sch\u00fcler.&nbsp;<\/p>\n\n\n\n<figure class=\"wp-block-gallery has-nested-images columns-5 is-cropped wp-block-gallery-1 is-layout-flex wp-block-gallery-is-layout-flex\">\n<figure class=\"wp-block-image size-large\"><a href=\"https:\/\/www.fsg-ruethen.de\/fsg\/wp-content\/uploads\/2024\/11\/2024-borkumfahrt-05.jpg\"><img fetchpriority=\"high\" decoding=\"async\" width=\"800\" height=\"1065\" data-id=\"15770\" src=\"https:\/\/www.fsg-ruethen.de\/fsg\/wp-content\/uploads\/2024\/11\/2024-borkumfahrt-05.jpg\" alt=\"\" class=\"wp-image-15770\" srcset=\"https:\/\/www.fsg-ruethen.de\/fsg\/wp-content\/uploads\/2024\/11\/2024-borkumfahrt-05.jpg 800w, https:\/\/www.fsg-ruethen.de\/fsg\/wp-content\/uploads\/2024\/11\/2024-borkumfahrt-05-225x300.jpg 225w, https:\/\/www.fsg-ruethen.de\/fsg\/wp-content\/uploads\/2024\/11\/2024-borkumfahrt-05-768x1022.jpg 768w\" sizes=\"(max-width: 800px) 100vw, 800px\" \/><\/a><\/figure>\n\n\n\n<figure class=\"wp-block-image size-large\"><a href=\"https:\/\/www.fsg-ruethen.de\/fsg\/wp-content\/uploads\/2024\/11\/2024-borkumfahrt-01.jpg\"><img decoding=\"async\" width=\"800\" height=\"1067\" data-id=\"15766\" src=\"https:\/\/www.fsg-ruethen.de\/fsg\/wp-content\/uploads\/2024\/11\/2024-borkumfahrt-01.jpg\" alt=\"\" class=\"wp-image-15766\" srcset=\"https:\/\/www.fsg-ruethen.de\/fsg\/wp-content\/uploads\/2024\/11\/2024-borkumfahrt-01.jpg 800w, https:\/\/www.fsg-ruethen.de\/fsg\/wp-content\/uploads\/2024\/11\/2024-borkumfahrt-01-225x300.jpg 225w, https:\/\/www.fsg-ruethen.de\/fsg\/wp-content\/uploads\/2024\/11\/2024-borkumfahrt-01-768x1024.jpg 768w\" sizes=\"(max-width: 800px) 100vw, 800px\" \/><\/a><\/figure>\n\n\n\n<figure class=\"wp-block-image size-large\"><a href=\"https:\/\/www.fsg-ruethen.de\/fsg\/wp-content\/uploads\/2024\/11\/2024-borkumfahrt-04.jpg\"><img decoding=\"async\" width=\"800\" height=\"600\" data-id=\"15769\" src=\"https:\/\/www.fsg-ruethen.de\/fsg\/wp-content\/uploads\/2024\/11\/2024-borkumfahrt-04.jpg\" alt=\"\" class=\"wp-image-15769\" srcset=\"https:\/\/www.fsg-ruethen.de\/fsg\/wp-content\/uploads\/2024\/11\/2024-borkumfahrt-04.jpg 800w, https:\/\/www.fsg-ruethen.de\/fsg\/wp-content\/uploads\/2024\/11\/2024-borkumfahrt-04-300x225.jpg 300w, https:\/\/www.fsg-ruethen.de\/fsg\/wp-content\/uploads\/2024\/11\/2024-borkumfahrt-04-768x576.jpg 768w\" sizes=\"(max-width: 800px) 100vw, 800px\" \/><\/a><\/figure>\n\n\n\n<figure class=\"wp-block-image size-large\"><a href=\"https:\/\/www.fsg-ruethen.de\/fsg\/wp-content\/uploads\/2024\/11\/2024-borkumfahrt-03.jpg\"><img loading=\"lazy\" decoding=\"async\" width=\"800\" height=\"600\" data-id=\"15768\" src=\"https:\/\/www.fsg-ruethen.de\/fsg\/wp-content\/uploads\/2024\/11\/2024-borkumfahrt-03.jpg\" alt=\"\" class=\"wp-image-15768\" srcset=\"https:\/\/www.fsg-ruethen.de\/fsg\/wp-content\/uploads\/2024\/11\/2024-borkumfahrt-03.jpg 800w, https:\/\/www.fsg-ruethen.de\/fsg\/wp-content\/uploads\/2024\/11\/2024-borkumfahrt-03-300x225.jpg 300w, https:\/\/www.fsg-ruethen.de\/fsg\/wp-content\/uploads\/2024\/11\/2024-borkumfahrt-03-768x576.jpg 768w\" sizes=\"(max-width: 800px) 100vw, 800px\" \/><\/a><\/figure>\n\n\n\n<figure class=\"wp-block-image size-large\"><a href=\"https:\/\/www.fsg-ruethen.de\/fsg\/wp-content\/uploads\/2024\/11\/2024-borkumfahrt-11.jpg\"><img loading=\"lazy\" decoding=\"async\" width=\"800\" height=\"1067\" data-id=\"15765\" src=\"https:\/\/www.fsg-ruethen.de\/fsg\/wp-content\/uploads\/2024\/11\/2024-borkumfahrt-11.jpg\" alt=\"\" class=\"wp-image-15765\" srcset=\"https:\/\/www.fsg-ruethen.de\/fsg\/wp-content\/uploads\/2024\/11\/2024-borkumfahrt-11.jpg 800w, https:\/\/www.fsg-ruethen.de\/fsg\/wp-content\/uploads\/2024\/11\/2024-borkumfahrt-11-225x300.jpg 225w, https:\/\/www.fsg-ruethen.de\/fsg\/wp-content\/uploads\/2024\/11\/2024-borkumfahrt-11-768x1024.jpg 768w\" sizes=\"(max-width: 800px) 100vw, 800px\" \/><\/a><\/figure>\n\n\n\n<figure class=\"wp-block-image size-large\"><a href=\"https:\/\/www.fsg-ruethen.de\/fsg\/wp-content\/uploads\/2024\/11\/2024-borkumfahrt-06.jpg\"><img loading=\"lazy\" decoding=\"async\" width=\"800\" height=\"600\" data-id=\"15771\" src=\"https:\/\/www.fsg-ruethen.de\/fsg\/wp-content\/uploads\/2024\/11\/2024-borkumfahrt-06.jpg\" alt=\"\" class=\"wp-image-15771\" srcset=\"https:\/\/www.fsg-ruethen.de\/fsg\/wp-content\/uploads\/2024\/11\/2024-borkumfahrt-06.jpg 800w, https:\/\/www.fsg-ruethen.de\/fsg\/wp-content\/uploads\/2024\/11\/2024-borkumfahrt-06-300x225.jpg 300w, https:\/\/www.fsg-ruethen.de\/fsg\/wp-content\/uploads\/2024\/11\/2024-borkumfahrt-06-768x576.jpg 768w\" sizes=\"(max-width: 800px) 100vw, 800px\" \/><\/a><\/figure>\n\n\n\n<figure class=\"wp-block-image size-large\"><a href=\"https:\/\/www.fsg-ruethen.de\/fsg\/wp-content\/uploads\/2024\/11\/2024-borkumfahrt-10.jpg\"><img loading=\"lazy\" decoding=\"async\" width=\"800\" height=\"600\" data-id=\"15764\" src=\"https:\/\/www.fsg-ruethen.de\/fsg\/wp-content\/uploads\/2024\/11\/2024-borkumfahrt-10.jpg\" alt=\"\" class=\"wp-image-15764\" srcset=\"https:\/\/www.fsg-ruethen.de\/fsg\/wp-content\/uploads\/2024\/11\/2024-borkumfahrt-10.jpg 800w, https:\/\/www.fsg-ruethen.de\/fsg\/wp-content\/uploads\/2024\/11\/2024-borkumfahrt-10-300x225.jpg 300w, https:\/\/www.fsg-ruethen.de\/fsg\/wp-content\/uploads\/2024\/11\/2024-borkumfahrt-10-768x576.jpg 768w\" sizes=\"(max-width: 800px) 100vw, 800px\" \/><\/a><\/figure>\n\n\n\n<figure class=\"wp-block-image size-large\"><a href=\"https:\/\/www.fsg-ruethen.de\/fsg\/wp-content\/uploads\/2024\/11\/2024-borkumfahrt-08.jpg\"><img loading=\"lazy\" decoding=\"async\" width=\"800\" height=\"600\" data-id=\"15762\" src=\"https:\/\/www.fsg-ruethen.de\/fsg\/wp-content\/uploads\/2024\/11\/2024-borkumfahrt-08.jpg\" alt=\"\" class=\"wp-image-15762\" srcset=\"https:\/\/www.fsg-ruethen.de\/fsg\/wp-content\/uploads\/2024\/11\/2024-borkumfahrt-08.jpg 800w, https:\/\/www.fsg-ruethen.de\/fsg\/wp-content\/uploads\/2024\/11\/2024-borkumfahrt-08-300x225.jpg 300w, https:\/\/www.fsg-ruethen.de\/fsg\/wp-content\/uploads\/2024\/11\/2024-borkumfahrt-08-768x576.jpg 768w\" sizes=\"(max-width: 800px) 100vw, 800px\" \/><\/a><\/figure>\n\n\n\n<figure class=\"wp-block-image size-large\"><a href=\"https:\/\/www.fsg-ruethen.de\/fsg\/wp-content\/uploads\/2024\/11\/2024-borkumfahrt-09.jpg\"><img loading=\"lazy\" decoding=\"async\" width=\"800\" height=\"600\" data-id=\"15763\" src=\"https:\/\/www.fsg-ruethen.de\/fsg\/wp-content\/uploads\/2024\/11\/2024-borkumfahrt-09.jpg\" alt=\"\" class=\"wp-image-15763\" srcset=\"https:\/\/www.fsg-ruethen.de\/fsg\/wp-content\/uploads\/2024\/11\/2024-borkumfahrt-09.jpg 800w, https:\/\/www.fsg-ruethen.de\/fsg\/wp-content\/uploads\/2024\/11\/2024-borkumfahrt-09-300x225.jpg 300w, https:\/\/www.fsg-ruethen.de\/fsg\/wp-content\/uploads\/2024\/11\/2024-borkumfahrt-09-768x576.jpg 768w\" sizes=\"(max-width: 800px) 100vw, 800px\" \/><\/a><\/figure>\n\n\n\n<figure class=\"wp-block-image size-large\"><a href=\"https:\/\/www.fsg-ruethen.de\/fsg\/wp-content\/uploads\/2024\/11\/2024-borkumfahrt-02.jpg\"><img loading=\"lazy\" decoding=\"async\" width=\"800\" height=\"600\" data-id=\"15767\" src=\"https:\/\/www.fsg-ruethen.de\/fsg\/wp-content\/uploads\/2024\/11\/2024-borkumfahrt-02.jpg\" alt=\"\" class=\"wp-image-15767\" srcset=\"https:\/\/www.fsg-ruethen.de\/fsg\/wp-content\/uploads\/2024\/11\/2024-borkumfahrt-02.jpg 800w, https:\/\/www.fsg-ruethen.de\/fsg\/wp-content\/uploads\/2024\/11\/2024-borkumfahrt-02-300x225.jpg 300w, https:\/\/www.fsg-ruethen.de\/fsg\/wp-content\/uploads\/2024\/11\/2024-borkumfahrt-02-768x576.jpg 768w\" sizes=\"(max-width: 800px) 100vw, 800px\" \/><\/a><\/figure>\n<\/figure>\n\n\n\n<h3 class=\"wp-block-heading\">Eindr\u00fccke von Borkum<\/h3>\n","protected":false},"excerpt":{"rendered":"<p>Sommer, Sonne, Meer\u2026 Am Ende der Jahrgangsstufe 6 entdecken die Sch\u00fclerinnen und Sch\u00fcler gemeinsam mit ihren Klassen die Nordseeinsel Borkum.&nbsp;Die gemeinsamen Erlebnisse bei&nbsp;Strandspielen und der Erkundung des Wattenmeers&nbsp;sowie die teambildenden [&hellip;]<\/p>\n","protected":false},"author":1,"featured_media":0,"parent":0,"menu_order":0,"comment_status":"closed","ping_status":"closed","template":"","meta":{"ocean_post_layout":"","ocean_both_sidebars_style":"","ocean_both_sidebars_content_width":0,"ocean_both_sidebars_sidebars_width":0,"ocean_sidebar":"ocs-informationen-fuer-neue-fuenftklaesslerinnen","ocean_second_sidebar":"0","ocean_disable_margins":"enable","ocean_add_body_class":"","ocean_shortcode_before_top_bar":"","ocean_shortcode_after_top_bar":"","ocean_shortcode_before_header":"","ocean_shortcode_after_header":"","ocean_has_shortcode":"","ocean_shortcode_after_title":"","ocean_shortcode_before_footer_widgets":"","ocean_shortcode_after_footer_widgets":"","ocean_shortcode_before_footer_bottom":"","ocean_shortcode_after_footer_bottom":"","ocean_display_top_bar":"default","ocean_display_header":"default","ocean_header_style":"","ocean_center_header_left_menu":"0","ocean_custom_header_template":"0","ocean_custom_logo":0,"ocean_custom_retina_logo":0,"ocean_custom_logo_max_width":0,"ocean_custom_logo_tablet_max_width":0,"ocean_custom_logo_mobile_max_width":0,"ocean_custom_logo_max_height":0,"ocean_custom_logo_tablet_max_height":0,"ocean_custom_logo_mobile_max_height":0,"ocean_header_custom_menu":"0","ocean_menu_typo_font_family":"0","ocean_menu_typo_font_subset":"","ocean_menu_typo_font_size":0,"ocean_menu_typo_font_size_tablet":0,"ocean_menu_typo_font_size_mobile":0,"ocean_menu_typo_font_size_unit":"px","ocean_menu_typo_font_weight":"","ocean_menu_typo_font_weight_tablet":"","ocean_menu_typo_font_weight_mobile":"","ocean_menu_typo_transform":"","ocean_menu_typo_transform_tablet":"","ocean_menu_typo_transform_mobile":"","ocean_menu_typo_line_height":0,"ocean_menu_typo_line_height_tablet":0,"ocean_menu_typo_line_height_mobile":0,"ocean_menu_typo_line_height_unit":"","ocean_menu_typo_spacing":0,"ocean_menu_typo_spacing_tablet":0,"ocean_menu_typo_spacing_mobile":0,"ocean_menu_typo_spacing_unit":"","ocean_menu_link_color":"","ocean_menu_link_color_hover":"","ocean_menu_link_color_active":"","ocean_menu_link_background":"","ocean_menu_link_hover_background":"","ocean_menu_link_active_background":"","ocean_menu_social_links_bg":"","ocean_menu_social_hover_links_bg":"","ocean_menu_social_links_color":"","ocean_menu_social_hover_links_color":"","ocean_disable_title":"default","ocean_disable_heading":"default","ocean_post_title":"","ocean_post_subheading":"","ocean_post_title_style":"background-image","ocean_post_title_background_color":"","ocean_post_title_background":12775,"ocean_post_title_bg_image_position":"","ocean_post_title_bg_image_attachment":"","ocean_post_title_bg_image_repeat":"","ocean_post_title_bg_image_size":"","ocean_post_title_height":500,"ocean_post_title_bg_overlay":0.2,"ocean_post_title_bg_overlay_color":"","ocean_disable_breadcrumbs":"default","ocean_breadcrumbs_color":"","ocean_breadcrumbs_separator_color":"","ocean_breadcrumbs_links_color":"","ocean_breadcrumbs_links_hover_color":"","ocean_display_footer_widgets":"default","ocean_display_footer_bottom":"default","ocean_custom_footer_template":"0","omw_enable_modal_window":"enable","footnotes":""},"class_list":["post-4636","page","type-page","status-publish","hentry","entry"],"_links":{"self":[{"href":"https:\/\/www.fsg-ruethen.de\/fsg\/wp-json\/wp\/v2\/pages\/4636","targetHints":{"allow":["GET"]}}],"collection":[{"href":"https:\/\/www.fsg-ruethen.de\/fsg\/wp-json\/wp\/v2\/pages"}],"about":[{"href":"https:\/\/www.fsg-ruethen.de\/fsg\/wp-json\/wp\/v2\/types\/page"}],"author":[{"embeddable":true,"href":"https:\/\/www.fsg-ruethen.de\/fsg\/wp-json\/wp\/v2\/users\/1"}],"replies":[{"embeddable":true,"href":"https:\/\/www.fsg-ruethen.de\/fsg\/wp-json\/wp\/v2\/comments?post=4636"}],"version-history":[{"count":4,"href":"https:\/\/www.fsg-ruethen.de\/fsg\/wp-json\/wp\/v2\/pages\/4636\/revisions"}],"predecessor-version":[{"id":15774,"href":"https:\/\/www.fsg-ruethen.de\/fsg\/wp-json\/wp\/v2\/pages\/4636\/revisions\/15774"}],"wp:attachment":[{"href":"https:\/\/www.fsg-ruethen.de\/fsg\/wp-json\/wp\/v2\/media?parent=4636"}],"curies":[{"name":"wp","href":"https:\/\/api.w.org\/{rel}","templated":true}]}}