{"id":4620,"date":"2021-05-03T13:17:06","date_gmt":"2021-05-03T11:17:06","guid":{"rendered":"https:\/\/www.fsg-ruethen.de\/wp\/?page_id=4620"},"modified":"2024-03-14T18:52:10","modified_gmt":"2024-03-14T17:52:10","slug":"mittagspause","status":"publish","type":"page","link":"https:\/\/www.fsg-ruethen.de\/fsg\/mittagspause\/","title":{"rendered":"Angebote in der Mittagspause"},"content":{"rendered":"\n<h2 class=\"wp-block-heading\">Mittagspause von 13.05 \u2013 13.50 Uhr<\/h2>\n\n\n\n<h3 class=\"wp-block-heading\">Mittagsverpflegung<\/h3>\n\n\n\n<p>An den Tagen Montag, Mittwoch und Donnerstag bietet die R\u00fcthener Mensa frisch zubereitetes Mittagessen an. Informationen \u00fcber die Teilnahme am Mittagessen gibt die Klassenleitung am ersten Schultag weiter. Dar\u00fcber hinaus ist unsere Caf\u00e9teria bis 13.50 Uhr ge\u00f6ffnet.<\/p>\n\n\n\n<h3 class=\"wp-block-heading\">Angebote zur Gestaltung der Mittagspause<\/h3>\n\n\n\n<blockquote class=\"wp-block-quote is-layout-flow wp-block-quote-is-layout-flow\">\n<p>Mehr als 2800 B\u00fccher und \u00fcber 120 H\u00f6rb\u00fccher in der Mediathek \u201cEselsohr\u201d.<\/p>\n<\/blockquote>\n\n\n\n<figure class=\"wp-block-image size-large is-resized\"><img fetchpriority=\"high\" decoding=\"async\" src=\"https:\/\/www.fsg-ruethen.de\/fsg\/wp-content\/uploads\/2021\/05\/lernraum-dreihasen-eselsohr05-1200x900-q90-1200x676.jpg\" alt=\"B\u00fccherei Eselsohr\" class=\"wp-image-5200\" style=\"width:600px;height:338px\" width=\"600\" height=\"338\" srcset=\"https:\/\/www.fsg-ruethen.de\/fsg\/wp-content\/uploads\/2021\/05\/lernraum-dreihasen-eselsohr05-1200x900-q90-1200x676.jpg 1200w, https:\/\/www.fsg-ruethen.de\/fsg\/wp-content\/uploads\/2021\/05\/lernraum-dreihasen-eselsohr05-1200x900-q90-300x169.jpg 300w, https:\/\/www.fsg-ruethen.de\/fsg\/wp-content\/uploads\/2021\/05\/lernraum-dreihasen-eselsohr05-1200x900-q90-768x433.jpg 768w, https:\/\/www.fsg-ruethen.de\/fsg\/wp-content\/uploads\/2021\/05\/lernraum-dreihasen-eselsohr05-1200x900-q90-1536x866.jpg 1536w, https:\/\/www.fsg-ruethen.de\/fsg\/wp-content\/uploads\/2021\/05\/lernraum-dreihasen-eselsohr05-1200x900-q90-1320x744.jpg 1320w, https:\/\/www.fsg-ruethen.de\/fsg\/wp-content\/uploads\/2021\/05\/lernraum-dreihasen-eselsohr05-1200x900-q90.jpg 1597w\" sizes=\"(max-width: 600px) 100vw, 600px\" \/><figcaption class=\"wp-element-caption\">B\u00fccherei Eselsohr<\/figcaption><\/figure>\n\n\n\n<p>In unserer Mediathek \u201eEselsohr\u201d \u00fcbernehmen \u00e4ltere Sch\u00fclerinnen und Sch\u00fcler als ausgebildete Bibliothekshelfer die Betreuung. Zahlreiche Sitz- und Liegeangebote bieten die M\u00f6glichkeit, sich aus der Auswahl aus mehr als 2800 B\u00fcchern und \u00fcber 120 H\u00f6rb\u00fcchern zu bedienen \u2013 in gedruckter Form oder elektronisch via iPod. Weiterhin stehen f\u00fcr schulische Zwecke zwei Notebooks mit Internetanschluss zur Verf\u00fcgung.<\/p>\n\n\n\n<blockquote class=\"wp-block-quote is-layout-flow wp-block-quote-is-layout-flow\">\n<p>Spa\u00df und Entspannung beim Mittagspausensport<\/p>\n<\/blockquote>\n\n\n\n<figure class=\"wp-block-image\"><img decoding=\"async\" width=\"600\" height=\"400\" src=\"https:\/\/www.fsg-ruethen.de\/fsg\/wp-content\/uploads\/2021\/03\/mittagspuasensport01.jpg\" alt=\"\" class=\"wp-image-2311\" srcset=\"https:\/\/www.fsg-ruethen.de\/fsg\/wp-content\/uploads\/2021\/03\/mittagspuasensport01.jpg 600w, https:\/\/www.fsg-ruethen.de\/fsg\/wp-content\/uploads\/2021\/03\/mittagspuasensport01-300x200.jpg 300w\" sizes=\"(max-width: 600px) 100vw, 600px\" \/><\/figure>\n\n\n\n<p>Mehr Bewegung verspricht der Mittagspausensport in der Neuen Turnhalle: Ausgebildete Sporthelferinnen und -helfer bieten wechselnde Sportarten (z. B. Turnen, Tanz etc.) bzw. Ballspiele (Fu\u00dfball, Basketball, Handball etc.) an und richten sich hierbei auch nach den W\u00fcnschen der Sch\u00fclerinnen und Sch\u00fcler.<\/p>\n","protected":false},"excerpt":{"rendered":"<p>Mittagspause von 13.05 \u2013 13.50 Uhr Mittagsverpflegung An den Tagen Montag, Mittwoch und Donnerstag bietet die R\u00fcthener Mensa frisch zubereitetes Mittagessen an. Informationen \u00fcber die Teilnahme am Mittagessen gibt die [&hellip;]<\/p>\n","protected":false},"author":1,"featured_media":0,"parent":0,"menu_order":0,"comment_status":"closed","ping_status":"closed","template":"","meta":{"ocean_post_layout":"","ocean_both_sidebars_style":"","ocean_both_sidebars_content_width":0,"ocean_both_sidebars_sidebars_width":0,"ocean_sidebar":"ocs-informationen-fuer-neue-fuenftklaesslerinnen","ocean_second_sidebar":"0","ocean_disable_margins":"enable","ocean_add_body_class":"","ocean_shortcode_before_top_bar":"","ocean_shortcode_after_top_bar":"","ocean_shortcode_before_header":"","ocean_shortcode_after_header":"","ocean_has_shortcode":"","ocean_shortcode_after_title":"","ocean_shortcode_before_footer_widgets":"","ocean_shortcode_after_footer_widgets":"","ocean_shortcode_before_footer_bottom":"","ocean_shortcode_after_footer_bottom":"","ocean_display_top_bar":"default","ocean_display_header":"default","ocean_header_style":"","ocean_center_header_left_menu":"0","ocean_custom_header_template":"0","ocean_custom_logo":0,"ocean_custom_retina_logo":0,"ocean_custom_logo_max_width":0,"ocean_custom_logo_tablet_max_width":0,"ocean_custom_logo_mobile_max_width":0,"ocean_custom_logo_max_height":0,"ocean_custom_logo_tablet_max_height":0,"ocean_custom_logo_mobile_max_height":0,"ocean_header_custom_menu":"0","ocean_menu_typo_font_family":"0","ocean_menu_typo_font_subset":"","ocean_menu_typo_font_size":0,"ocean_menu_typo_font_size_tablet":0,"ocean_menu_typo_font_size_mobile":0,"ocean_menu_typo_font_size_unit":"px","ocean_menu_typo_font_weight":"","ocean_menu_typo_font_weight_tablet":"","ocean_menu_typo_font_weight_mobile":"","ocean_menu_typo_transform":"","ocean_menu_typo_transform_tablet":"","ocean_menu_typo_transform_mobile":"","ocean_menu_typo_line_height":0,"ocean_menu_typo_line_height_tablet":0,"ocean_menu_typo_line_height_mobile":0,"ocean_menu_typo_line_height_unit":"","ocean_menu_typo_spacing":0,"ocean_menu_typo_spacing_tablet":0,"ocean_menu_typo_spacing_mobile":0,"ocean_menu_typo_spacing_unit":"","ocean_menu_link_color":"","ocean_menu_link_color_hover":"","ocean_menu_link_color_active":"","ocean_menu_link_background":"","ocean_menu_link_hover_background":"","ocean_menu_link_active_background":"","ocean_menu_social_links_bg":"","ocean_menu_social_hover_links_bg":"","ocean_menu_social_links_color":"","ocean_menu_social_hover_links_color":"","ocean_disable_title":"default","ocean_disable_heading":"default","ocean_post_title":"","ocean_post_subheading":"","ocean_post_title_style":"background-image","ocean_post_title_background_color":"","ocean_post_title_background":4621,"ocean_post_title_bg_image_position":"","ocean_post_title_bg_image_attachment":"","ocean_post_title_bg_image_repeat":"","ocean_post_title_bg_image_size":"","ocean_post_title_height":500,"ocean_post_title_bg_overlay":0.2,"ocean_post_title_bg_overlay_color":"","ocean_disable_breadcrumbs":"default","ocean_breadcrumbs_color":"","ocean_breadcrumbs_separator_color":"","ocean_breadcrumbs_links_color":"","ocean_breadcrumbs_links_hover_color":"","ocean_display_footer_widgets":"default","ocean_display_footer_bottom":"default","ocean_custom_footer_template":"0","omw_enable_modal_window":"enable","footnotes":""},"class_list":["post-4620","page","type-page","status-publish","hentry","entry"],"_links":{"self":[{"href":"https:\/\/www.fsg-ruethen.de\/fsg\/wp-json\/wp\/v2\/pages\/4620","targetHints":{"allow":["GET"]}}],"collection":[{"href":"https:\/\/www.fsg-ruethen.de\/fsg\/wp-json\/wp\/v2\/pages"}],"about":[{"href":"https:\/\/www.fsg-ruethen.de\/fsg\/wp-json\/wp\/v2\/types\/page"}],"author":[{"embeddable":true,"href":"https:\/\/www.fsg-ruethen.de\/fsg\/wp-json\/wp\/v2\/users\/1"}],"replies":[{"embeddable":true,"href":"https:\/\/www.fsg-ruethen.de\/fsg\/wp-json\/wp\/v2\/comments?post=4620"}],"version-history":[{"count":1,"href":"https:\/\/www.fsg-ruethen.de\/fsg\/wp-json\/wp\/v2\/pages\/4620\/revisions"}],"predecessor-version":[{"id":14012,"href":"https:\/\/www.fsg-ruethen.de\/fsg\/wp-json\/wp\/v2\/pages\/4620\/revisions\/14012"}],"wp:attachment":[{"href":"https:\/\/www.fsg-ruethen.de\/fsg\/wp-json\/wp\/v2\/media?parent=4620"}],"curies":[{"name":"wp","href":"https:\/\/api.w.org\/{rel}","templated":true}]}}