{"id":4602,"date":"2021-05-03T12:17:05","date_gmt":"2021-05-03T10:17:05","guid":{"rendered":"https:\/\/www.fsg-ruethen.de\/wp\/?page_id=4602"},"modified":"2024-03-14T18:51:09","modified_gmt":"2024-03-14T17:51:09","slug":"kennenlerntage-mit-der-neuen-klasse","status":"publish","type":"page","link":"https:\/\/www.fsg-ruethen.de\/fsg\/kennenlerntage-mit-der-neuen-klasse\/","title":{"rendered":"Kennenlerntage mit der neuen Klasse"},"content":{"rendered":"\n<h1 class=\"wp-block-heading\">Fahrt in die Jugendherberge Brilon<\/h1>\n\n\n\n<p>Nach ca. sechs Wochen machen die Sch\u00fclerinnen und Sch\u00fcler der f\u00fcnften Klassen mit ihren Klassenleitungsteams einen Ausflug in eine Jugendherberge in der n\u00e4heren Umgebung mit einer \u00dcbernachtung.<\/p>\n\n\n\n<p>Begleitet von Erlebnisp\u00e4dagoginnen und -p\u00e4dagogen erhalten sie hier Anst\u00f6\u00dfe zur Entwicklung einer guten Gemeinschaft, indem sie auf dem Au\u00dfengel\u00e4nde der Unterkunft durch gegenseitige R\u00fccksichtnahme, Respekt und Vertrauen knifflige Herausforderungen meistern und dabei die unterschiedlichen Pers\u00f6nlichkeiten in ihrer Gruppe entdecken.<\/p>\n\n\n\n<p>Besonders beim \u201ebunten Abend\u201c haben die Kinder die Gelegenheit, ihre Talente und kreative Ideen aus unterschiedlichsten Bereichen z.B. in Sketchen, Gesangs- und Tanzeinlagen einzubringen. Durch das Beisammensein au\u00dferhalb des Unterrichts k\u00f6nnen sie sich besser kennen lernen und eine fr\u00f6hliche gemeinsame Zeit verbringen.<\/p>\n\n\n\n<figure class=\"wp-block-gallery has-nested-images columns-5 is-cropped wp-block-gallery-1 is-layout-flex wp-block-gallery-is-layout-flex\">\n<figure class=\"wp-block-image size-large is-style-default\"><a href=\"https:\/\/www.fsg-ruethen.de\/fsg\/wp-content\/uploads\/2023\/10\/2023_bereich-erprobungsstufe_07.jpg\"><img fetchpriority=\"high\" decoding=\"async\" width=\"800\" height=\"600\" data-id=\"12742\" src=\"https:\/\/www.fsg-ruethen.de\/fsg\/wp-content\/uploads\/2023\/10\/2023_bereich-erprobungsstufe_07.jpg\" alt=\"\" class=\"wp-image-12742\" srcset=\"https:\/\/www.fsg-ruethen.de\/fsg\/wp-content\/uploads\/2023\/10\/2023_bereich-erprobungsstufe_07.jpg 800w, https:\/\/www.fsg-ruethen.de\/fsg\/wp-content\/uploads\/2023\/10\/2023_bereich-erprobungsstufe_07-300x225.jpg 300w, https:\/\/www.fsg-ruethen.de\/fsg\/wp-content\/uploads\/2023\/10\/2023_bereich-erprobungsstufe_07-768x576.jpg 768w\" sizes=\"(max-width: 800px) 100vw, 800px\" \/><\/a><\/figure>\n\n\n\n<figure class=\"wp-block-image size-large is-style-default\"><a href=\"https:\/\/www.fsg-ruethen.de\/fsg\/wp-content\/uploads\/2023\/10\/2023_bereich-erprobungsstufe_11.jpg\"><img decoding=\"async\" width=\"800\" height=\"600\" data-id=\"12741\" src=\"https:\/\/www.fsg-ruethen.de\/fsg\/wp-content\/uploads\/2023\/10\/2023_bereich-erprobungsstufe_11.jpg\" alt=\"\" class=\"wp-image-12741\" srcset=\"https:\/\/www.fsg-ruethen.de\/fsg\/wp-content\/uploads\/2023\/10\/2023_bereich-erprobungsstufe_11.jpg 800w, https:\/\/www.fsg-ruethen.de\/fsg\/wp-content\/uploads\/2023\/10\/2023_bereich-erprobungsstufe_11-300x225.jpg 300w, https:\/\/www.fsg-ruethen.de\/fsg\/wp-content\/uploads\/2023\/10\/2023_bereich-erprobungsstufe_11-768x576.jpg 768w\" sizes=\"(max-width: 800px) 100vw, 800px\" \/><\/a><\/figure>\n\n\n\n<figure class=\"wp-block-image size-large is-style-default\"><a href=\"https:\/\/www.fsg-ruethen.de\/fsg\/wp-content\/uploads\/2023\/10\/2023_bereich-erprobungsstufe_08.jpg\"><img decoding=\"async\" width=\"800\" height=\"600\" data-id=\"12743\" src=\"https:\/\/www.fsg-ruethen.de\/fsg\/wp-content\/uploads\/2023\/10\/2023_bereich-erprobungsstufe_08.jpg\" alt=\"\" class=\"wp-image-12743\" srcset=\"https:\/\/www.fsg-ruethen.de\/fsg\/wp-content\/uploads\/2023\/10\/2023_bereich-erprobungsstufe_08.jpg 800w, https:\/\/www.fsg-ruethen.de\/fsg\/wp-content\/uploads\/2023\/10\/2023_bereich-erprobungsstufe_08-300x225.jpg 300w, https:\/\/www.fsg-ruethen.de\/fsg\/wp-content\/uploads\/2023\/10\/2023_bereich-erprobungsstufe_08-768x576.jpg 768w\" sizes=\"(max-width: 800px) 100vw, 800px\" \/><\/a><\/figure>\n\n\n\n<figure class=\"wp-block-image size-large is-style-default\"><a href=\"https:\/\/www.fsg-ruethen.de\/fsg\/wp-content\/uploads\/2023\/10\/2023_bereich-erprobungsstufe_09.jpg\"><img loading=\"lazy\" decoding=\"async\" width=\"800\" height=\"1067\" data-id=\"12745\" src=\"https:\/\/www.fsg-ruethen.de\/fsg\/wp-content\/uploads\/2023\/10\/2023_bereich-erprobungsstufe_09.jpg\" alt=\"\" class=\"wp-image-12745\" srcset=\"https:\/\/www.fsg-ruethen.de\/fsg\/wp-content\/uploads\/2023\/10\/2023_bereich-erprobungsstufe_09.jpg 800w, https:\/\/www.fsg-ruethen.de\/fsg\/wp-content\/uploads\/2023\/10\/2023_bereich-erprobungsstufe_09-225x300.jpg 225w, https:\/\/www.fsg-ruethen.de\/fsg\/wp-content\/uploads\/2023\/10\/2023_bereich-erprobungsstufe_09-768x1024.jpg 768w\" sizes=\"(max-width: 800px) 100vw, 800px\" \/><\/a><\/figure>\n\n\n\n<figure class=\"wp-block-image size-large is-style-default\"><a href=\"https:\/\/www.fsg-ruethen.de\/fsg\/wp-content\/uploads\/2023\/10\/2023_bereich-erprobungsstufe_10.jpg\"><img loading=\"lazy\" decoding=\"async\" width=\"800\" height=\"1067\" data-id=\"12746\" src=\"https:\/\/www.fsg-ruethen.de\/fsg\/wp-content\/uploads\/2023\/10\/2023_bereich-erprobungsstufe_10.jpg\" alt=\"\" class=\"wp-image-12746\" srcset=\"https:\/\/www.fsg-ruethen.de\/fsg\/wp-content\/uploads\/2023\/10\/2023_bereich-erprobungsstufe_10.jpg 800w, https:\/\/www.fsg-ruethen.de\/fsg\/wp-content\/uploads\/2023\/10\/2023_bereich-erprobungsstufe_10-225x300.jpg 225w, https:\/\/www.fsg-ruethen.de\/fsg\/wp-content\/uploads\/2023\/10\/2023_bereich-erprobungsstufe_10-768x1024.jpg 768w\" sizes=\"(max-width: 800px) 100vw, 800px\" \/><\/a><\/figure>\n<\/figure>\n","protected":false},"excerpt":{"rendered":"<p>Fahrt in die Jugendherberge Brilon Nach ca. sechs Wochen machen die Sch\u00fclerinnen und Sch\u00fcler der f\u00fcnften Klassen mit ihren Klassenleitungsteams einen Ausflug in eine Jugendherberge in der n\u00e4heren Umgebung mit [&hellip;]<\/p>\n","protected":false},"author":1,"featured_media":0,"parent":0,"menu_order":0,"comment_status":"closed","ping_status":"closed","template":"","meta":{"ocean_post_layout":"","ocean_both_sidebars_style":"","ocean_both_sidebars_content_width":0,"ocean_both_sidebars_sidebars_width":0,"ocean_sidebar":"ocs-informationen-fuer-neue-fuenftklaesslerinnen","ocean_second_sidebar":"0","ocean_disable_margins":"enable","ocean_add_body_class":"","ocean_shortcode_before_top_bar":"","ocean_shortcode_after_top_bar":"","ocean_shortcode_before_header":"","ocean_shortcode_after_header":"","ocean_has_shortcode":"","ocean_shortcode_after_title":"","ocean_shortcode_before_footer_widgets":"","ocean_shortcode_after_footer_widgets":"","ocean_shortcode_before_footer_bottom":"","ocean_shortcode_after_footer_bottom":"","ocean_display_top_bar":"default","ocean_display_header":"default","ocean_header_style":"","ocean_center_header_left_menu":"0","ocean_custom_header_template":"0","ocean_custom_logo":0,"ocean_custom_retina_logo":0,"ocean_custom_logo_max_width":0,"ocean_custom_logo_tablet_max_width":0,"ocean_custom_logo_mobile_max_width":0,"ocean_custom_logo_max_height":0,"ocean_custom_logo_tablet_max_height":0,"ocean_custom_logo_mobile_max_height":0,"ocean_header_custom_menu":"0","ocean_menu_typo_font_family":"0","ocean_menu_typo_font_subset":"","ocean_menu_typo_font_size":0,"ocean_menu_typo_font_size_tablet":0,"ocean_menu_typo_font_size_mobile":0,"ocean_menu_typo_font_size_unit":"px","ocean_menu_typo_font_weight":"","ocean_menu_typo_font_weight_tablet":"","ocean_menu_typo_font_weight_mobile":"","ocean_menu_typo_transform":"","ocean_menu_typo_transform_tablet":"","ocean_menu_typo_transform_mobile":"","ocean_menu_typo_line_height":0,"ocean_menu_typo_line_height_tablet":0,"ocean_menu_typo_line_height_mobile":0,"ocean_menu_typo_line_height_unit":"","ocean_menu_typo_spacing":0,"ocean_menu_typo_spacing_tablet":0,"ocean_menu_typo_spacing_mobile":0,"ocean_menu_typo_spacing_unit":"","ocean_menu_link_color":"","ocean_menu_link_color_hover":"","ocean_menu_link_color_active":"","ocean_menu_link_background":"","ocean_menu_link_hover_background":"","ocean_menu_link_active_background":"","ocean_menu_social_links_bg":"","ocean_menu_social_hover_links_bg":"","ocean_menu_social_links_color":"","ocean_menu_social_hover_links_color":"","ocean_disable_title":"default","ocean_disable_heading":"default","ocean_post_title":"","ocean_post_subheading":"","ocean_post_title_style":"background-image","ocean_post_title_background_color":"","ocean_post_title_background":4603,"ocean_post_title_bg_image_position":"","ocean_post_title_bg_image_attachment":"","ocean_post_title_bg_image_repeat":"","ocean_post_title_bg_image_size":"","ocean_post_title_height":500,"ocean_post_title_bg_overlay":0.2,"ocean_post_title_bg_overlay_color":"","ocean_disable_breadcrumbs":"default","ocean_breadcrumbs_color":"","ocean_breadcrumbs_separator_color":"","ocean_breadcrumbs_links_color":"","ocean_breadcrumbs_links_hover_color":"","ocean_display_footer_widgets":"default","ocean_display_footer_bottom":"default","ocean_custom_footer_template":"0","omw_enable_modal_window":"enable","footnotes":""},"class_list":["post-4602","page","type-page","status-publish","hentry","entry"],"_links":{"self":[{"href":"https:\/\/www.fsg-ruethen.de\/fsg\/wp-json\/wp\/v2\/pages\/4602","targetHints":{"allow":["GET"]}}],"collection":[{"href":"https:\/\/www.fsg-ruethen.de\/fsg\/wp-json\/wp\/v2\/pages"}],"about":[{"href":"https:\/\/www.fsg-ruethen.de\/fsg\/wp-json\/wp\/v2\/types\/page"}],"author":[{"embeddable":true,"href":"https:\/\/www.fsg-ruethen.de\/fsg\/wp-json\/wp\/v2\/users\/1"}],"replies":[{"embeddable":true,"href":"https:\/\/www.fsg-ruethen.de\/fsg\/wp-json\/wp\/v2\/comments?post=4602"}],"version-history":[{"count":1,"href":"https:\/\/www.fsg-ruethen.de\/fsg\/wp-json\/wp\/v2\/pages\/4602\/revisions"}],"predecessor-version":[{"id":14010,"href":"https:\/\/www.fsg-ruethen.de\/fsg\/wp-json\/wp\/v2\/pages\/4602\/revisions\/14010"}],"wp:attachment":[{"href":"https:\/\/www.fsg-ruethen.de\/fsg\/wp-json\/wp\/v2\/media?parent=4602"}],"curies":[{"name":"wp","href":"https:\/\/api.w.org\/{rel}","templated":true}]}}