{"id":4591,"date":"2021-05-03T12:01:57","date_gmt":"2021-05-03T10:01:57","guid":{"rendered":"https:\/\/www.fsg-ruethen.de\/wp\/?page_id=4591"},"modified":"2025-12-11T17:09:07","modified_gmt":"2025-12-11T16:09:07","slug":"beratung-und-anmeldung","status":"publish","type":"page","link":"https:\/\/www.fsg-ruethen.de\/fsg\/beratung-und-anmeldung\/","title":{"rendered":"Beratung und Anmeldung"},"content":{"rendered":"\n<h1 class=\"wp-block-heading\" id=\"erweiteter-anmeldezeitraum\"><strong>Anmeldezeitraum 2026:&nbsp;&nbsp;&nbsp;&nbsp;&nbsp;&nbsp;&nbsp;<\/strong><\/h1>\n\n\n\n<h1 class=\"wp-block-heading\" id=\"14-18-02-2022\"><strong>23.02.2026 &#8211; 04.03.202<\/strong>6<\/h1>\n\n\n\n<div style=\"height:23px\" aria-hidden=\"true\" class=\"wp-block-spacer\"><\/div>\n\n\n\n<p>Anmeldungen werden entgegengenommen:<\/p>\n\n\n\n<figure class=\"wp-block-table is-style-stripes\"><table><tbody><tr><td>23.02.2026 &#8211; 04.03.2026<\/td><td>8.00 Uhr bis 16.30 Uhr (Montag \u2013 Freitag)<\/td><\/tr><\/tbody><\/table><\/figure>\n\n\n\n<p>Die&nbsp;Anmeldung&nbsp;erfolgt durch einen Erziehungsberechtigten im Sekretariat der Schule. Bitte bringen Sie zur Anmeldung folgende Unterlagen mit:<\/p>\n\n\n\n<ul class=\"wp-block-list\">\n<li>das Familienstammbuch oder die Geburtsurkunde des Kindes<\/li>\n\n\n\n<li>das Halbjahreszeugnis des 4. Schuljahres der Grundschule<\/li>\n\n\n\n<li>die Anmeldescheine der Grundschule<\/li>\n\n\n\n<li>einen Nachweis \u00fcber den Masernimpfschutz<\/li>\n<\/ul>\n\n\n\n<p>Die Anmeldung erfolgt im oben genannten Zeitraum mit vorheriger Terminvereinbarung \u00fcber das Sekretariat,&nbsp;sofern die Grundschule das Gymnasium als Schulform empfiehlt.<\/p>\n\n\n\n<p>Ein gemeinsames&nbsp;Beratungsgespr\u00e4ch&nbsp;des Schulleiters Herrn Lichte und der Erprobungsstufenkoordinatorin Frau Wiegand-Claes mit einem Erziehungsberechtigten und dem Kind ist vorgesehen, wenn die Grundschule das Gymnasium<em>&nbsp;nicht<\/em>&nbsp;oder&nbsp;<em>eingeschr\u00e4nkt<\/em>&nbsp;als Schulform empfiehlt.<\/p>\n\n\n\n<p>Zu diesem Beratungsgespr\u00e4ch vereinbaren Sie bitte ebenfalls einen Termin \u00fcber das Sekretariat. Diese Termine k\u00f6nnen bereits nach Bekanntgabe der Schulformempfehlung vereinbart werden.<\/p>\n\n\n\n<p>Die \u00d6ffnungszeiten des Sekretariats finden Sie unten auf dieser Seite.<\/p>\n\n\n\n<div class=\"wp-block-group\"><div class=\"wp-block-group__inner-container is-layout-constrained wp-block-group-is-layout-constrained\">\n<p><a href=\"https:\/\/www.fsg-ruethen.de\/fsg\/wp-content\/uploads\/2022\/12\/Anmeldeformular-2023.pdf\">Anmeldeformular 2026<\/a><\/p>\n<\/div><\/div>\n\n\n\n<div class=\"wp-block-file\"><a id=\"wp-block-file--media-193f62c2-b263-4bee-9bba-9b899d79e878\" href=\"https:\/\/www.fsg-ruethen.de\/fsg\/wp-content\/uploads\/2022\/02\/Belehrung-Infektionsschutz.pdf\">Belehrung Infektionsschutz<\/a><a href=\"https:\/\/www.fsg-ruethen.de\/fsg\/wp-content\/uploads\/2022\/02\/Belehrung-Infektionsschutz.pdf\" class=\"wp-block-file__button wp-element-button\" download aria-describedby=\"wp-block-file--media-193f62c2-b263-4bee-9bba-9b899d79e878\">Herunterladen<\/a><\/div>\n\n\n\n<div class=\"wp-block-file\"><a id=\"wp-block-file--media-1de62aa3-40b8-4d59-b7b3-45400ac5ee50\" href=\"https:\/\/www.fsg-ruethen.de\/fsg\/wp-content\/uploads\/2022\/02\/Rechtsgrundlage-Datenschutz.pdf\">Rechtsgrundlage Datenschutz<\/a><a href=\"https:\/\/www.fsg-ruethen.de\/fsg\/wp-content\/uploads\/2022\/02\/Rechtsgrundlage-Datenschutz.pdf\" class=\"wp-block-file__button wp-element-button\" download aria-describedby=\"wp-block-file--media-1de62aa3-40b8-4d59-b7b3-45400ac5ee50\">Herunterladen<\/a><\/div>\n\n\n\n<p><\/p>\n","protected":false},"excerpt":{"rendered":"<p>Anmeldezeitraum 2026:&nbsp;&nbsp;&nbsp;&nbsp;&nbsp;&nbsp;&nbsp; 23.02.2026 &#8211; 04.03.2026 Anmeldungen werden entgegengenommen: 23.02.2026 &#8211; 04.03.2026 8.00 Uhr bis 16.30 Uhr (Montag \u2013 Freitag) Die&nbsp;Anmeldung&nbsp;erfolgt durch einen Erziehungsberechtigten im Sekretariat der Schule. Bitte bringen Sie [&hellip;]<\/p>\n","protected":false},"author":1,"featured_media":0,"parent":0,"menu_order":0,"comment_status":"closed","ping_status":"closed","template":"","meta":{"ocean_post_layout":"","ocean_both_sidebars_style":"","ocean_both_sidebars_content_width":0,"ocean_both_sidebars_sidebars_width":0,"ocean_sidebar":"ocs-informationen-fuer-neue-fuenftklaesslerinnen","ocean_second_sidebar":"0","ocean_disable_margins":"enable","ocean_add_body_class":"","ocean_shortcode_before_top_bar":"","ocean_shortcode_after_top_bar":"","ocean_shortcode_before_header":"","ocean_shortcode_after_header":"","ocean_has_shortcode":"","ocean_shortcode_after_title":"","ocean_shortcode_before_footer_widgets":"","ocean_shortcode_after_footer_widgets":"","ocean_shortcode_before_footer_bottom":"","ocean_shortcode_after_footer_bottom":"","ocean_display_top_bar":"default","ocean_display_header":"default","ocean_header_style":"","ocean_center_header_left_menu":"0","ocean_custom_header_template":"0","ocean_custom_logo":0,"ocean_custom_retina_logo":0,"ocean_custom_logo_max_width":0,"ocean_custom_logo_tablet_max_width":0,"ocean_custom_logo_mobile_max_width":0,"ocean_custom_logo_max_height":0,"ocean_custom_logo_tablet_max_height":0,"ocean_custom_logo_mobile_max_height":0,"ocean_header_custom_menu":"0","ocean_menu_typo_font_family":"0","ocean_menu_typo_font_subset":"","ocean_menu_typo_font_size":0,"ocean_menu_typo_font_size_tablet":0,"ocean_menu_typo_font_size_mobile":0,"ocean_menu_typo_font_size_unit":"px","ocean_menu_typo_font_weight":"","ocean_menu_typo_font_weight_tablet":"","ocean_menu_typo_font_weight_mobile":"","ocean_menu_typo_transform":"","ocean_menu_typo_transform_tablet":"","ocean_menu_typo_transform_mobile":"","ocean_menu_typo_line_height":0,"ocean_menu_typo_line_height_tablet":0,"ocean_menu_typo_line_height_mobile":0,"ocean_menu_typo_line_height_unit":"","ocean_menu_typo_spacing":0,"ocean_menu_typo_spacing_tablet":0,"ocean_menu_typo_spacing_mobile":0,"ocean_menu_typo_spacing_unit":"","ocean_menu_link_color":"","ocean_menu_link_color_hover":"","ocean_menu_link_color_active":"","ocean_menu_link_background":"","ocean_menu_link_hover_background":"","ocean_menu_link_active_background":"","ocean_menu_social_links_bg":"","ocean_menu_social_hover_links_bg":"","ocean_menu_social_links_color":"","ocean_menu_social_hover_links_color":"","ocean_disable_title":"default","ocean_disable_heading":"default","ocean_post_title":"","ocean_post_subheading":"","ocean_post_title_style":"background-image","ocean_post_title_background_color":"","ocean_post_title_background":14032,"ocean_post_title_bg_image_position":"","ocean_post_title_bg_image_attachment":"","ocean_post_title_bg_image_repeat":"","ocean_post_title_bg_image_size":"","ocean_post_title_height":500,"ocean_post_title_bg_overlay":0.1,"ocean_post_title_bg_overlay_color":"","ocean_disable_breadcrumbs":"default","ocean_breadcrumbs_color":"","ocean_breadcrumbs_separator_color":"","ocean_breadcrumbs_links_color":"","ocean_breadcrumbs_links_hover_color":"","ocean_display_footer_widgets":"default","ocean_display_footer_bottom":"default","ocean_custom_footer_template":"0","omw_enable_modal_window":"enable","footnotes":""},"class_list":["post-4591","page","type-page","status-publish","hentry","entry"],"_links":{"self":[{"href":"https:\/\/www.fsg-ruethen.de\/fsg\/wp-json\/wp\/v2\/pages\/4591","targetHints":{"allow":["GET"]}}],"collection":[{"href":"https:\/\/www.fsg-ruethen.de\/fsg\/wp-json\/wp\/v2\/pages"}],"about":[{"href":"https:\/\/www.fsg-ruethen.de\/fsg\/wp-json\/wp\/v2\/types\/page"}],"author":[{"embeddable":true,"href":"https:\/\/www.fsg-ruethen.de\/fsg\/wp-json\/wp\/v2\/users\/1"}],"replies":[{"embeddable":true,"href":"https:\/\/www.fsg-ruethen.de\/fsg\/wp-json\/wp\/v2\/comments?post=4591"}],"version-history":[{"count":12,"href":"https:\/\/www.fsg-ruethen.de\/fsg\/wp-json\/wp\/v2\/pages\/4591\/revisions"}],"predecessor-version":[{"id":18223,"href":"https:\/\/www.fsg-ruethen.de\/fsg\/wp-json\/wp\/v2\/pages\/4591\/revisions\/18223"}],"wp:attachment":[{"href":"https:\/\/www.fsg-ruethen.de\/fsg\/wp-json\/wp\/v2\/media?parent=4591"}],"curies":[{"name":"wp","href":"https:\/\/api.w.org\/{rel}","templated":true}]}}