{"id":4575,"date":"2021-05-03T11:21:32","date_gmt":"2021-05-03T09:21:32","guid":{"rendered":"https:\/\/www.fsg-ruethen.de\/wp\/?page_id=4575"},"modified":"2024-03-14T18:48:48","modified_gmt":"2024-03-14T17:48:48","slug":"haeufige-fragen-rund-um-das-friedrich-spee-gymnasium","status":"publish","type":"page","link":"https:\/\/www.fsg-ruethen.de\/fsg\/haeufige-fragen-rund-um-das-friedrich-spee-gymnasium\/","title":{"rendered":"H\u00e4ufige Fragen rund um das Friedrich-Spee-Gymnasium!"},"content":{"rendered":"\n<h1 class=\"wp-block-heading\">Wie gro\u00df ist das Friedrich-Spee-Gymnasium?<\/h1>\n\n\n\n<p>Aktuell unterrichten ca. 60 Lehrerinnen und Lehrer sowie f\u00fcnf Referendarinnen und Referendare insgesamt 700 Sch\u00fclerinnen und Sch\u00fcler.<\/p>\n\n\n\n<h2 class=\"wp-block-heading\">Aus welchen Orten kommen die Sch\u00fclerinnen und Sch\u00fcler des FSG?<\/h2>\n\n\n\n<p>Unsere Schule besuchen nat\u00fcrlich Sch\u00fclerinnen und Sch\u00fcler aus R\u00fcthen und allen seinen Ortsteilen. Au\u00dferdem kommen Sch\u00fcler aus der Stadt Warstein und den verschiedenen Stadtteilen des M\u00f6hnetals (Allagen, Belecke, M\u00fchlheim, Nieder- und Oberbergheim, Sichtigvor, Waldhausen). In den letzten Jahren ist auch der Strom von Sch\u00fclerinnen und Sch\u00fclern aus den Ortsteilen der Gemeinde Anr\u00f6chte (Effeln, Uelde, Altenmellrich, Waltringhausen, Mellrich, Berge, Klieve, Altengeseke, Robringhausen) zum FSG st\u00e4rker geworden.<\/p>\n\n\n\n<h2 class=\"wp-block-heading\">Wie kommen die Sch\u00fclerinnen und Sch\u00fcler, die nicht aus R\u00fcthen kommen, zur Schule?<\/h2>\n\n\n\n<p>Unsere Fahrsch\u00fcler pendeln jeden Tag mit den Bussen der Gesellschaften BRS (Busverkehr Ruhr-Sieg) und RLG (Regionalverkehr Ruhr-Lippe) ein. Im Vorfeld jedes Schuljahres berechnen wir mithilfe des geltenden Stundenplanes genau, wie viele Sch\u00fcler an welchen Tagen mittags oder nachmittags mit dem Bus nach Hause fahren. Diese Zahlen werden dann den Busgesellschaften fr\u00fchzeitig mitgeteilt, damit diese eine entsprechende Zahl an Fahrpl\u00e4tzen bereitstellen k\u00f6nnen.<\/p>\n\n\n\n<p>Die Busse halten morgens an der Haltestelle \u201eSchlangenpfad\u201d, am Mittag fahren sie dort oder am Schulzentrum R\u00fcthen ab.<\/p>\n\n\n\n<h2 class=\"wp-block-heading\">Ist das FSG eine Halbtags- oder Ganztagsschule?<\/h2>\n\n\n\n<p>Wir sind eine Halbtagsschule. Zus\u00e4tzlich bieten wir Sch\u00fclerinnen und Sch\u00fclern sowie ihren Eltern in der Erprobungsstufe ein zus\u00e4tzliches und vollkommen freiwilliges Betreuungsangebot an, das je nach Wunsch und Bed\u00fcrfnissen von Eltern und Kindern genutzt werden kann. An vier Tagen in der Woche bieten wir eine mit Sport, Bibliothek oder AG Angeboten organisierte Mittagspause an, in der auch gegessen werden kann. Danach betreuen wir die Sch\u00fclerinnen und Sch\u00fcler bis 15 Uhr bei der Anfertigung der Hausaufgaben.<\/p>\n\n\n\n<h2 class=\"wp-block-heading\">K\u00f6nnen bei der Anmeldung W\u00fcnsche zur Klassenzusammensetzung etc. ge\u00e4u\u00dfert werden?<\/h2>\n\n\n\n<p>Ja! Genaue Hinweise, mit welchen Freundinnen und Freunden eine Sch\u00fclerin oder ein Sch\u00fcler in eine Klasse m\u00f6chte, nehmen wir bei der Anmeldung auf. Wir investieren nach Ablauf des Anmeldeverfahrens viel Zeit in die Klassenbildung.<\/p>\n\n\n\n<h2 class=\"wp-block-heading\">Gibt es ein Pausenangebot?<\/h2>\n\n\n\n<p>In den Pausen zieht es die meisten Sch\u00fcler in unsere Pausenhalle, auf den gro\u00dfen Schulhof (mit Kletterpyramide, Basketballkorb und Tischtennisplatten) oder in den Schulpark. Zudem besteht in dem von Sch\u00fclerinnen und Sch\u00fclern gef\u00fchrten Spieleh\u00e4uschen die M\u00f6glichkeit, Spiel- und Sportger\u00e4te f\u00fcr die Pause zu entleihen. Unsere Sporthelfer bieten au\u00dferdem ein Pausensportangebot an. Wer kein Schulbrot dabei hat, kann sich bereits vormittags in unserer Caf\u00e9teria mit belegten Br\u00f6tchen und Getr\u00e4nken versorgen. Au\u00dferdem kann man in der Eselsohr-Mediathek schm\u00f6kern gehen.<\/p>\n\n\n\n<h2 class=\"wp-block-heading\">Welche au\u00dferunterrichtlichen Angebote gibt es am FSG?<\/h2>\n\n\n\n<p>\u00dcber den reinen Unterricht hinaus bieten wir <a href=\"https:\/\/www.fsg-ruethen.de\/fsg\/arbeitsgemeinschaften-und-foerdermassnahmen-am-fsg\/\">Arbeitsgemeinschaften <\/a>z.B. aus den Bereichen Sport, MINT, Theater, Musik an.<br>Weiterhin gibt es regelm\u00e4\u00dfig neue Arbeitsgemeinschaften.<br><\/p>\n\n\n\n<h2 class=\"wp-block-heading\">Wer ber\u00e4t im Vorfeld der Anmeldungen, etwa wenn unsicher ist, ob das FSG die \u201erichtige\u201d Schule f\u00fcr das Grundschulkind ist?<\/h2>\n\n\n\n<p>F\u00fcr Fragen und Beratung jeder Art stehen unser Schulleiter Heinfried Lichte sowie Erprobungsstufenkoordinatorin Britta Wiegand-Claes zur Verf\u00fcgung. Am einfachsten ist die Kontaktaufnahme telefonisch \u00fcber das Sekretariat.<\/p>\n\n\n\n<h2 class=\"wp-block-heading\">Ben\u00f6tigen die Kinder in Jahrgangsstufe 5 und 6 einen eigenen Computer oder ein eigenes Tablet?<\/h2>\n\n\n\n<p>F\u00fcr das Lernen und Arbeiten in der Schule erhalten die Kinder im Unterricht schulische Ger\u00e4te. Daf\u00fcr h\u00e4lt das FSG mehrere Tabletkoffer mit Ipads in halber Klassenst\u00e4rke bereit. Ein eigenes Ger\u00e4t wird f\u00fcr das Lernen in der Schule nicht ben\u00f6tigt.<\/p>\n\n\n\n<h2 class=\"wp-block-heading\">Welchen Stellenwert haben digitale Lernformate in der Erprobungsstufe?<\/h2>\n\n\n\n<p>Die Sch\u00fcler und Sch\u00fclerinnen lernen bereits im ersten Halbjahr der Klasse 5 in dem Fach ITG (Informationstechnologische Grundbildung) den Umgang mit digitalen Ger\u00e4ten, Lernprogrammen und unseren Kommunikations- und Arbeitsformen. In allen Unterrichtsf\u00e4chern kommen neben den etablierten auch zunehmend digitale Lernformate zur Anwendung.<\/p>\n","protected":false},"excerpt":{"rendered":"<p>Wie gro\u00df ist das Friedrich-Spee-Gymnasium? Aktuell unterrichten ca. 60 Lehrerinnen und Lehrer sowie f\u00fcnf Referendarinnen und Referendare insgesamt 700 Sch\u00fclerinnen und Sch\u00fcler. Aus welchen Orten kommen die Sch\u00fclerinnen und Sch\u00fcler [&hellip;]<\/p>\n","protected":false},"author":1,"featured_media":0,"parent":0,"menu_order":0,"comment_status":"closed","ping_status":"closed","template":"","meta":{"ocean_post_layout":"","ocean_both_sidebars_style":"","ocean_both_sidebars_content_width":0,"ocean_both_sidebars_sidebars_width":0,"ocean_sidebar":"ocs-informationen-fuer-neue-fuenftklaesslerinnen","ocean_second_sidebar":"0","ocean_disable_margins":"enable","ocean_add_body_class":"","ocean_shortcode_before_top_bar":"","ocean_shortcode_after_top_bar":"","ocean_shortcode_before_header":"","ocean_shortcode_after_header":"","ocean_has_shortcode":"","ocean_shortcode_after_title":"","ocean_shortcode_before_footer_widgets":"","ocean_shortcode_after_footer_widgets":"","ocean_shortcode_before_footer_bottom":"","ocean_shortcode_after_footer_bottom":"","ocean_display_top_bar":"default","ocean_display_header":"default","ocean_header_style":"","ocean_center_header_left_menu":"0","ocean_custom_header_template":"0","ocean_custom_logo":0,"ocean_custom_retina_logo":0,"ocean_custom_logo_max_width":0,"ocean_custom_logo_tablet_max_width":0,"ocean_custom_logo_mobile_max_width":0,"ocean_custom_logo_max_height":0,"ocean_custom_logo_tablet_max_height":0,"ocean_custom_logo_mobile_max_height":0,"ocean_header_custom_menu":"0","ocean_menu_typo_font_family":"0","ocean_menu_typo_font_subset":"","ocean_menu_typo_font_size":0,"ocean_menu_typo_font_size_tablet":0,"ocean_menu_typo_font_size_mobile":0,"ocean_menu_typo_font_size_unit":"px","ocean_menu_typo_font_weight":"","ocean_menu_typo_font_weight_tablet":"","ocean_menu_typo_font_weight_mobile":"","ocean_menu_typo_transform":"","ocean_menu_typo_transform_tablet":"","ocean_menu_typo_transform_mobile":"","ocean_menu_typo_line_height":0,"ocean_menu_typo_line_height_tablet":0,"ocean_menu_typo_line_height_mobile":0,"ocean_menu_typo_line_height_unit":"","ocean_menu_typo_spacing":0,"ocean_menu_typo_spacing_tablet":0,"ocean_menu_typo_spacing_mobile":0,"ocean_menu_typo_spacing_unit":"","ocean_menu_link_color":"","ocean_menu_link_color_hover":"","ocean_menu_link_color_active":"","ocean_menu_link_background":"","ocean_menu_link_hover_background":"","ocean_menu_link_active_background":"","ocean_menu_social_links_bg":"","ocean_menu_social_hover_links_bg":"","ocean_menu_social_links_color":"","ocean_menu_social_hover_links_color":"","ocean_disable_title":"default","ocean_disable_heading":"default","ocean_post_title":"","ocean_post_subheading":"","ocean_post_title_style":"background-image","ocean_post_title_background_color":"","ocean_post_title_background":4578,"ocean_post_title_bg_image_position":"","ocean_post_title_bg_image_attachment":"","ocean_post_title_bg_image_repeat":"","ocean_post_title_bg_image_size":"","ocean_post_title_height":500,"ocean_post_title_bg_overlay":0.2,"ocean_post_title_bg_overlay_color":"","ocean_disable_breadcrumbs":"default","ocean_breadcrumbs_color":"","ocean_breadcrumbs_separator_color":"","ocean_breadcrumbs_links_color":"","ocean_breadcrumbs_links_hover_color":"","ocean_display_footer_widgets":"default","ocean_display_footer_bottom":"default","ocean_custom_footer_template":"0","omw_enable_modal_window":"enable","footnotes":""},"class_list":["post-4575","page","type-page","status-publish","hentry","entry"],"_links":{"self":[{"href":"https:\/\/www.fsg-ruethen.de\/fsg\/wp-json\/wp\/v2\/pages\/4575","targetHints":{"allow":["GET"]}}],"collection":[{"href":"https:\/\/www.fsg-ruethen.de\/fsg\/wp-json\/wp\/v2\/pages"}],"about":[{"href":"https:\/\/www.fsg-ruethen.de\/fsg\/wp-json\/wp\/v2\/types\/page"}],"author":[{"embeddable":true,"href":"https:\/\/www.fsg-ruethen.de\/fsg\/wp-json\/wp\/v2\/users\/1"}],"replies":[{"embeddable":true,"href":"https:\/\/www.fsg-ruethen.de\/fsg\/wp-json\/wp\/v2\/comments?post=4575"}],"version-history":[{"count":1,"href":"https:\/\/www.fsg-ruethen.de\/fsg\/wp-json\/wp\/v2\/pages\/4575\/revisions"}],"predecessor-version":[{"id":14006,"href":"https:\/\/www.fsg-ruethen.de\/fsg\/wp-json\/wp\/v2\/pages\/4575\/revisions\/14006"}],"wp:attachment":[{"href":"https:\/\/www.fsg-ruethen.de\/fsg\/wp-json\/wp\/v2\/media?parent=4575"}],"curies":[{"name":"wp","href":"https:\/\/api.w.org\/{rel}","templated":true}]}}