{"id":1501,"date":"2021-02-27T17:45:48","date_gmt":"2021-02-27T16:45:48","guid":{"rendered":"https:\/\/www.fsg-ruethen.de\/wordpress\/?page_id=1501"},"modified":"2021-04-22T12:01:08","modified_gmt":"2021-04-22T10:01:08","slug":"foerderverein-der-eltern-ehemaligen-und-freunde-des-friedrich-spee-gymnasiums-ruethen-e-v","status":"publish","type":"page","link":"https:\/\/www.fsg-ruethen.de\/fsg\/foerderverein-der-eltern-ehemaligen-und-freunde-des-friedrich-spee-gymnasiums-ruethen-e-v\/","title":{"rendered":"F\u00f6rderverein der Eltern, Ehemaligen und Freunde des Friedrich-Spee-Gymnasiums R\u00fcthen e.V."},"content":{"rendered":"\n<h1 class=\"wp-block-heading\">Vorstandsmitglieder des F\u00f6rdervereins<\/h1>\n\n\n\n<figure class=\"wp-block-table is-style-stripes\"><table class=\"has-subtle-pale-blue-background-color has-fixed-layout has-background\"><tbody><tr><td>Vorsitzender<\/td><td>Andre Wagner<\/td><\/tr><tr><td>Stellvertreter<\/td><td>Harald Menke<\/td><\/tr><tr><td>Gesch\u00e4ftsf\u00fchrer<\/td><td>Daniel Rikus<\/td><\/tr><tr><td>Beirat<\/td><td>Ralf Helle<\/td><\/tr><tr><td>Beirat<\/td><td>Franz Kaps<\/td><\/tr><tr><td>Beirat<\/td><td>Anette Herbst<\/td><\/tr><tr><td>Beirat<\/td><td>Harald J\u00fctte<\/td><\/tr><\/tbody><\/table><\/figure>\n\n\n\n<div class=\"wp-block-media-text alignfull is-stacked-on-mobile is-vertically-aligned-bottom\"><figure class=\"wp-block-media-text__media\"><img fetchpriority=\"high\" decoding=\"async\" width=\"1024\" height=\"771\" src=\"https:\/\/www.fsg-ruethen.de\/fsg\/wp-content\/uploads\/2021\/04\/platzhalter-1024x771.jpg\" alt=\"\" class=\"wp-image-3262 size-full\" srcset=\"https:\/\/www.fsg-ruethen.de\/fsg\/wp-content\/uploads\/2021\/04\/platzhalter-1024x771.jpg 1024w, https:\/\/www.fsg-ruethen.de\/fsg\/wp-content\/uploads\/2021\/04\/platzhalter-300x226.jpg 300w, https:\/\/www.fsg-ruethen.de\/fsg\/wp-content\/uploads\/2021\/04\/platzhalter-768x579.jpg 768w, https:\/\/www.fsg-ruethen.de\/fsg\/wp-content\/uploads\/2021\/04\/platzhalter.jpg 1200w\" sizes=\"(max-width: 1024px) 100vw, 1024px\" \/><\/figure><div class=\"wp-block-media-text__content\">\n<p><strong>Vertreter des F\u00f6rdervereins<\/strong><br><br>Von links nach rechts: Daniel Rikus, Harald Menke, Andre Wagner<\/p>\n<\/div><\/div>\n\n\n\n<h3 class=\"wp-block-heading\">Gef\u00f6rderte&nbsp;Projekte&nbsp;2019<\/h3>\n\n\n\n<ul class=\"wp-block-list\"><li>Lesung Ulli Potofski<\/li><li>Unterst\u00fctzung Laborlernen in der Oberstufe<\/li><li>Unterst\u00fctzung Fahrtkosten Geschichtswettbewerb Bundespr\u00e4sident<\/li><li>Unterst\u00fctzung Fahrtkosten Schulmannschaft<\/li><li>Beteiligung Erinnerungsskulptur Boat People<\/li><li>Unterst\u00fctzung Sporthelfer-Ausbildung<\/li><li>Unterst\u00fctzung Musicalfahrt<\/li><li>Autorenlesung<\/li><li>Buchgeschenke Abiturienten<\/li><li>R\u00fcthener Hefte<\/li><li>Fahrtkosten Sprachpr\u00fcfung<\/li><li>Kostenbeteiligung Hausaufgabenbetreuung<\/li><li>Schultrikots Schulmannschaft<\/li><li>Unterst\u00fctzung \u201eBufdi\u201c<\/li><li>Unterst\u00fctzung Fachbereich Kunst<\/li><li>Mathematik-Olympiade (Fahrtkosten Lippstadt)<\/li><li>Unterst\u00fctzung Sch\u00fcler-AGs<\/li><li>Unterst\u00fctzung Fahrtkosten L\u00fcttich<\/li><li>Fahrtkosten Gedankenblitz-Wettbewerb in Soest<\/li><li>Unterst\u00fctzung Mathe im Advent<\/li><li>Elternhilfe Bibliothek<\/li><li>Unterst\u00fctzung Anschaffung \u201eSchulbecher\u201c<\/li><\/ul>\n\n\n\n<blockquote class=\"wp-block-quote is-style-default is-layout-flow wp-block-quote-is-layout-flow\"><p>Summe dieser Ausgaben in 2019:&nbsp;&nbsp; 11.735,63 \u20ac<\/p><\/blockquote>\n\n\n\n<h2 class=\"wp-block-heading\">Mitglied im F\u00f6rderverein werden und die Arbeit der Schule unterst\u00fctzen<\/h2>\n\n\n\n<p class=\"has-luminous-vivid-orange-background-color has-background\">Hier fehlt noch ein Text.<\/p>\n\n\n\n<div class=\"wp-block-buttons is-layout-flex wp-block-buttons-is-layout-flex\">\n<div class=\"wp-block-button has-custom-width wp-block-button__width-100 is-style-outline is-style-outline--1\"><a class=\"wp-block-button__link has-text-color has-background\" href=\"https:\/\/www.fsg-ruethen.de\/wordpress\/wp-content\/uploads\/2021\/02\/foerderverein-beitrittserklaerung.pdf\" style=\"border-radius:5px;background-color:#f4f4f4;color:#1e73be\" target=\"_blank\" rel=\"noreferrer noopener\">Beitrittserkl\u00e4rung herunterladen<\/a><\/div>\n<\/div>\n\n\n\n<p><\/p>\n","protected":false},"excerpt":{"rendered":"<p>Vorstandsmitglieder des F\u00f6rdervereins Vorsitzender Andre Wagner Stellvertreter Harald Menke Gesch\u00e4ftsf\u00fchrer Daniel Rikus Beirat Ralf Helle Beirat Franz Kaps Beirat Anette Herbst Beirat Harald J\u00fctte Vertreter des F\u00f6rdervereins Von links nach [&hellip;]<\/p>\n","protected":false},"author":1,"featured_media":1622,"parent":1476,"menu_order":0,"comment_status":"closed","ping_status":"closed","template":"","meta":{"ocean_post_layout":"full-width","ocean_both_sidebars_style":"","ocean_both_sidebars_content_width":0,"ocean_both_sidebars_sidebars_width":0,"ocean_sidebar":"0","ocean_second_sidebar":"0","ocean_disable_margins":"enable","ocean_add_body_class":"","ocean_shortcode_before_top_bar":"","ocean_shortcode_after_top_bar":"","ocean_shortcode_before_header":"","ocean_shortcode_after_header":"","ocean_has_shortcode":"","ocean_shortcode_after_title":"","ocean_shortcode_before_footer_widgets":"","ocean_shortcode_after_footer_widgets":"","ocean_shortcode_before_footer_bottom":"","ocean_shortcode_after_footer_bottom":"","ocean_display_top_bar":"default","ocean_display_header":"default","ocean_header_style":"","ocean_center_header_left_menu":"0","ocean_custom_header_template":"0","ocean_custom_logo":0,"ocean_custom_retina_logo":0,"ocean_custom_logo_max_width":0,"ocean_custom_logo_tablet_max_width":0,"ocean_custom_logo_mobile_max_width":0,"ocean_custom_logo_max_height":0,"ocean_custom_logo_tablet_max_height":0,"ocean_custom_logo_mobile_max_height":0,"ocean_header_custom_menu":"0","ocean_menu_typo_font_family":"0","ocean_menu_typo_font_subset":"","ocean_menu_typo_font_size":0,"ocean_menu_typo_font_size_tablet":0,"ocean_menu_typo_font_size_mobile":0,"ocean_menu_typo_font_size_unit":"px","ocean_menu_typo_font_weight":"","ocean_menu_typo_font_weight_tablet":"","ocean_menu_typo_font_weight_mobile":"","ocean_menu_typo_transform":"","ocean_menu_typo_transform_tablet":"","ocean_menu_typo_transform_mobile":"","ocean_menu_typo_line_height":0,"ocean_menu_typo_line_height_tablet":0,"ocean_menu_typo_line_height_mobile":0,"ocean_menu_typo_line_height_unit":"","ocean_menu_typo_spacing":0,"ocean_menu_typo_spacing_tablet":0,"ocean_menu_typo_spacing_mobile":0,"ocean_menu_typo_spacing_unit":"","ocean_menu_link_color":"","ocean_menu_link_color_hover":"","ocean_menu_link_color_active":"","ocean_menu_link_background":"","ocean_menu_link_hover_background":"","ocean_menu_link_active_background":"","ocean_menu_social_links_bg":"","ocean_menu_social_hover_links_bg":"","ocean_menu_social_links_color":"","ocean_menu_social_hover_links_color":"","ocean_disable_title":"default","ocean_disable_heading":"default","ocean_post_title":"","ocean_post_subheading":"","ocean_post_title_style":"background-image","ocean_post_title_background_color":"","ocean_post_title_background":4201,"ocean_post_title_bg_image_position":"","ocean_post_title_bg_image_attachment":"","ocean_post_title_bg_image_repeat":"","ocean_post_title_bg_image_size":"","ocean_post_title_height":0,"ocean_post_title_bg_overlay":0.5,"ocean_post_title_bg_overlay_color":"","ocean_disable_breadcrumbs":"default","ocean_breadcrumbs_color":"","ocean_breadcrumbs_separator_color":"","ocean_breadcrumbs_links_color":"","ocean_breadcrumbs_links_hover_color":"","ocean_display_footer_widgets":"default","ocean_display_footer_bottom":"default","ocean_custom_footer_template":"0","omw_enable_modal_window":"enable","footnotes":""},"class_list":["post-1501","page","type-page","status-publish","has-post-thumbnail","hentry","entry","has-media"],"_links":{"self":[{"href":"https:\/\/www.fsg-ruethen.de\/fsg\/wp-json\/wp\/v2\/pages\/1501","targetHints":{"allow":["GET"]}}],"collection":[{"href":"https:\/\/www.fsg-ruethen.de\/fsg\/wp-json\/wp\/v2\/pages"}],"about":[{"href":"https:\/\/www.fsg-ruethen.de\/fsg\/wp-json\/wp\/v2\/types\/page"}],"author":[{"embeddable":true,"href":"https:\/\/www.fsg-ruethen.de\/fsg\/wp-json\/wp\/v2\/users\/1"}],"replies":[{"embeddable":true,"href":"https:\/\/www.fsg-ruethen.de\/fsg\/wp-json\/wp\/v2\/comments?post=1501"}],"version-history":[{"count":0,"href":"https:\/\/www.fsg-ruethen.de\/fsg\/wp-json\/wp\/v2\/pages\/1501\/revisions"}],"up":[{"embeddable":true,"href":"https:\/\/www.fsg-ruethen.de\/fsg\/wp-json\/"}],"wp:featuredmedia":[{"embeddable":true,"href":"https:\/\/www.fsg-ruethen.de\/fsg\/wp-json\/wp\/v2\/media\/1622"}],"wp:attachment":[{"href":"https:\/\/www.fsg-ruethen.de\/fsg\/wp-json\/wp\/v2\/media?parent=1501"}],"curies":[{"name":"wp","href":"https:\/\/api.w.org\/{rel}","templated":true}]}}