{"id":13702,"date":"2024-02-07T11:07:25","date_gmt":"2024-02-07T10:07:25","guid":{"rendered":"https:\/\/www.fsg-ruethen.de\/fsg\/?page_id=13702"},"modified":"2025-10-28T13:39:51","modified_gmt":"2025-10-28T12:39:51","slug":"bne-am-fsg","status":"publish","type":"page","link":"https:\/\/www.fsg-ruethen.de\/fsg\/bne-am-fsg\/","title":{"rendered":"BNE am FSG"},"content":{"rendered":"\n<h2 class=\"wp-block-heading\">Bildung f\u00fcr Nachhaltige Entwicklung (BNE)<\/h2>\n\n\n\n<p>BNE versetzt Lernende in die Lage, reflektierte Entscheidungen zu treffen und verantwortungsvoll in diesem Sinne zu handeln. Dabei geht es um individuelles Handeln, aber auch um die Mitgestaltung gesellschaftlicher Entwicklungen. (<a href=\"https:\/\/www.bne.nrw\" target=\"_blank\" rel=\"noreferrer noopener\">https:\/\/www.bne.nrw<\/a>)<\/p>\n\n\n\n<p>Neben den in den Curricula der jeweiligen F\u00e4cher ausgewiesenen Unterrichtsvorhaben zu Themen rund um die 17 Ziele f\u00fcr nachhaltige Entwicklung finden am FSG zahlreiche au\u00dferunterrichtliche Aktivit\u00e4ten und Projekte statt. Ein Schwerpunkt unserer Auseinandersetzung mit den BNE-Zielen liegt auf den dreit\u00e4gigen Projekttagen in der Jahrgangsstufe 8, in welchen die Lernenden bereits behandeltet Unterrichtsthematiken vertiefen oder neue Impulsen verfolgen k\u00f6nnen. <\/p>\n\n\n\n<h2 class=\"wp-block-heading\">&#8222;Gutes Morgen FSG, aber schon heute!&#8220; &#8211; BNE-Projekttage in der Jahrgangsstufe 8<\/h2>\n\n\n\n<ul class=\"wp-block-list\">\n<li><a href=\"https:\/\/www.fsg-ruethen.de\/fsg\/gutes-morgen-fsg-aber-schon-ab-heute\/\">Projektbericht 2023<\/a><\/li>\n\n\n\n<li>Projektbericht 2024<\/li>\n<\/ul>\n\n\n\n<h2 class=\"wp-block-heading\">Weitere Aktionen am FSG<\/h2>\n\n\n\n<p><strong>Regelm\u00e4\u00dfige Projekte:<\/strong><\/p>\n\n\n\n<ul class=\"wp-block-list\">\n<li>Projekttage der Jahrgangsstufen 8 und 9<\/li>\n\n\n\n<li>Projektkurs in den Spee-Stunden der 6 und 7<\/li>\n\n\n\n<li>Nachhaltigkeitsworkshop der EF<\/li>\n\n\n\n<li>Weihnachten im Schuhkarton<\/li>\n\n\n\n<li>ROLEX-Tage der Jgst. 9<\/li>\n\n\n\n<li>Baumpflanzaktion der Jgst. 5 und 6 im Bibertal in Zusammenarbeit mit dem F\u00f6rderverein Zukunftswald<\/li>\n\n\n\n<li>Schulpartnerschaft in der Zentralafrikanischen Republik<\/li>\n\n\n\n<li>Weihnachtsbasar mit Spende an soziale Projekte<\/li>\n<\/ul>\n\n\n\n<p><strong>Projekte im aktuellen Schuljahr:<\/strong><\/p>\n\n\n\n<ul class=\"wp-block-list\">\n<li>Teilnahme an der Zertifizierung \u201eSchule der Zukunft\u201c<\/li>\n\n\n\n<li>Mitarbeit am &#8222;Sustainability Education Innovation Program&#8220;<\/li>\n\n\n\n<li>Umkleidekabine LGBTQ<sup>+<\/sup><\/li>\n\n\n\n<li>Erweiterung der Projekttage auf weitere Jahrgangsstufen<\/li>\n\n\n\n<li>Schulgarten<\/li>\n<\/ul>\n\n\n\n<p><strong>Bereits abgeschlossene Projekte:<\/strong><\/p>\n\n\n\n<ul class=\"wp-block-list\">\n<li>Einrichtung einer Unisex-Toilette<\/li>\n\n\n\n<li>30 kWp-Photovoltaik auf dem Dach des S\u00fcdbaus<\/li>\n\n\n\n<li>Erasmus-Projekt zum Thema Ern\u00e4hrung<\/li>\n<\/ul>\n\n\n\n<figure class=\"wp-block-embed is-type-video is-provider-youtube wp-block-embed-youtube wp-embed-aspect-16-9 wp-has-aspect-ratio\"><div class=\"wp-block-embed__wrapper\">\n<p class=\"responsive-video-wrap clr\"><iframe title=\"BNE am FSG\" width=\"1200\" height=\"675\" src=\"https:\/\/www.youtube.com\/embed\/-xbwDVS9060?feature=oembed\" frameborder=\"0\" allow=\"accelerometer; autoplay; clipboard-write; encrypted-media; gyroscope; picture-in-picture; web-share\" referrerpolicy=\"strict-origin-when-cross-origin\" allowfullscreen><\/iframe><\/p>\n<\/div><\/figure>\n\n\n\n<p><\/p>\n\n\n\n<figure class=\"wp-block-image size-full is-resized\"><img fetchpriority=\"high\" decoding=\"async\" width=\"908\" height=\"1024\" src=\"https:\/\/www.fsg-ruethen.de\/fsg\/wp-content\/uploads\/2024\/02\/BNE-Preisverleihung_23.jpg\" alt=\"\" class=\"wp-image-13787\" style=\"width:742px;height:auto\" srcset=\"https:\/\/www.fsg-ruethen.de\/fsg\/wp-content\/uploads\/2024\/02\/BNE-Preisverleihung_23.jpg 908w, https:\/\/www.fsg-ruethen.de\/fsg\/wp-content\/uploads\/2024\/02\/BNE-Preisverleihung_23-266x300.jpg 266w, https:\/\/www.fsg-ruethen.de\/fsg\/wp-content\/uploads\/2024\/02\/BNE-Preisverleihung_23-768x866.jpg 768w\" sizes=\"(max-width: 908px) 100vw, 908px\" \/><\/figure>\n","protected":false},"excerpt":{"rendered":"<p>Bildung f\u00fcr Nachhaltige Entwicklung (BNE) BNE versetzt Lernende in die Lage, reflektierte Entscheidungen zu treffen und verantwortungsvoll in diesem Sinne zu handeln. Dabei geht es um individuelles Handeln, aber auch [&hellip;]<\/p>\n","protected":false},"author":6,"featured_media":0,"parent":0,"menu_order":0,"comment_status":"closed","ping_status":"closed","template":"","meta":{"ocean_post_layout":"","ocean_both_sidebars_style":"","ocean_both_sidebars_content_width":0,"ocean_both_sidebars_sidebars_width":0,"ocean_sidebar":"ocs-lernen-und-foerdern","ocean_second_sidebar":"","ocean_disable_margins":"enable","ocean_add_body_class":"","ocean_shortcode_before_top_bar":"","ocean_shortcode_after_top_bar":"","ocean_shortcode_before_header":"","ocean_shortcode_after_header":"","ocean_has_shortcode":"","ocean_shortcode_after_title":"","ocean_shortcode_before_footer_widgets":"","ocean_shortcode_after_footer_widgets":"","ocean_shortcode_before_footer_bottom":"","ocean_shortcode_after_footer_bottom":"","ocean_display_top_bar":"default","ocean_display_header":"default","ocean_header_style":"","ocean_center_header_left_menu":"","ocean_custom_header_template":"","ocean_custom_logo":0,"ocean_custom_retina_logo":0,"ocean_custom_logo_max_width":0,"ocean_custom_logo_tablet_max_width":0,"ocean_custom_logo_mobile_max_width":0,"ocean_custom_logo_max_height":0,"ocean_custom_logo_tablet_max_height":0,"ocean_custom_logo_mobile_max_height":0,"ocean_header_custom_menu":"","ocean_menu_typo_font_family":"","ocean_menu_typo_font_subset":"","ocean_menu_typo_font_size":0,"ocean_menu_typo_font_size_tablet":0,"ocean_menu_typo_font_size_mobile":0,"ocean_menu_typo_font_size_unit":"px","ocean_menu_typo_font_weight":"","ocean_menu_typo_font_weight_tablet":"","ocean_menu_typo_font_weight_mobile":"","ocean_menu_typo_transform":"","ocean_menu_typo_transform_tablet":"","ocean_menu_typo_transform_mobile":"","ocean_menu_typo_line_height":0,"ocean_menu_typo_line_height_tablet":0,"ocean_menu_typo_line_height_mobile":0,"ocean_menu_typo_line_height_unit":"","ocean_menu_typo_spacing":0,"ocean_menu_typo_spacing_tablet":0,"ocean_menu_typo_spacing_mobile":0,"ocean_menu_typo_spacing_unit":"","ocean_menu_link_color":"","ocean_menu_link_color_hover":"","ocean_menu_link_color_active":"","ocean_menu_link_background":"","ocean_menu_link_hover_background":"","ocean_menu_link_active_background":"","ocean_menu_social_links_bg":"","ocean_menu_social_hover_links_bg":"","ocean_menu_social_links_color":"","ocean_menu_social_hover_links_color":"","ocean_disable_title":"default","ocean_disable_heading":"default","ocean_post_title":"","ocean_post_subheading":"","ocean_post_title_style":"background-image","ocean_post_title_background_color":"","ocean_post_title_background":17824,"ocean_post_title_bg_image_position":"","ocean_post_title_bg_image_attachment":"","ocean_post_title_bg_image_repeat":"","ocean_post_title_bg_image_size":"","ocean_post_title_height":0,"ocean_post_title_bg_overlay":0.5,"ocean_post_title_bg_overlay_color":"","ocean_disable_breadcrumbs":"default","ocean_breadcrumbs_color":"","ocean_breadcrumbs_separator_color":"","ocean_breadcrumbs_links_color":"","ocean_breadcrumbs_links_hover_color":"","ocean_display_footer_widgets":"default","ocean_display_footer_bottom":"default","ocean_custom_footer_template":"","omw_enable_modal_window":"enable","footnotes":""},"class_list":["post-13702","page","type-page","status-publish","hentry","entry"],"_links":{"self":[{"href":"https:\/\/www.fsg-ruethen.de\/fsg\/wp-json\/wp\/v2\/pages\/13702","targetHints":{"allow":["GET"]}}],"collection":[{"href":"https:\/\/www.fsg-ruethen.de\/fsg\/wp-json\/wp\/v2\/pages"}],"about":[{"href":"https:\/\/www.fsg-ruethen.de\/fsg\/wp-json\/wp\/v2\/types\/page"}],"author":[{"embeddable":true,"href":"https:\/\/www.fsg-ruethen.de\/fsg\/wp-json\/wp\/v2\/users\/6"}],"replies":[{"embeddable":true,"href":"https:\/\/www.fsg-ruethen.de\/fsg\/wp-json\/wp\/v2\/comments?post=13702"}],"version-history":[{"count":8,"href":"https:\/\/www.fsg-ruethen.de\/fsg\/wp-json\/wp\/v2\/pages\/13702\/revisions"}],"predecessor-version":[{"id":17823,"href":"https:\/\/www.fsg-ruethen.de\/fsg\/wp-json\/wp\/v2\/pages\/13702\/revisions\/17823"}],"wp:attachment":[{"href":"https:\/\/www.fsg-ruethen.de\/fsg\/wp-json\/wp\/v2\/media?parent=13702"}],"curies":[{"name":"wp","href":"https:\/\/api.w.org\/{rel}","templated":true}]}}