{"id":1305,"date":"2021-02-24T19:15:18","date_gmt":"2021-02-24T18:15:18","guid":{"rendered":"https:\/\/www.fsg-ruethen.de\/wordpress\/?page_id=1305"},"modified":"2025-10-28T09:48:09","modified_gmt":"2025-10-28T08:48:09","slug":"informationen-fuer-neue-fuenftklaessler","status":"publish","type":"page","link":"https:\/\/www.fsg-ruethen.de\/fsg\/unsere-schule\/informationen-fuer-neue-fuenftklaessler\/","title":{"rendered":"Informationen f\u00fcr neue F\u00fcnftkl\u00e4ssler&shy;*innen"},"content":{"rendered":"\n<h1 class=\"wp-block-heading\">Hier findest Du das Wichtigste \u00fcber Deine neue Schule.<\/h1>\n\n\n\n<div class=\"wp-block-media-text alignwide is-stacked-on-mobile has-background\" style=\"background-color:#f4f4f4;grid-template-columns:32% auto\"><figure class=\"wp-block-media-text__media\"><img fetchpriority=\"high\" decoding=\"async\" width=\"800\" height=\"729\" src=\"https:\/\/www.fsg-ruethen.de\/fsg\/wp-content\/uploads\/2023\/10\/lichte.jpg\" alt=\"Heinfried Lichte\" class=\"wp-image-12766 size-medium\" srcset=\"https:\/\/www.fsg-ruethen.de\/fsg\/wp-content\/uploads\/2023\/10\/lichte.jpg 800w, https:\/\/www.fsg-ruethen.de\/fsg\/wp-content\/uploads\/2023\/10\/lichte-300x273.jpg 300w, https:\/\/www.fsg-ruethen.de\/fsg\/wp-content\/uploads\/2023\/10\/lichte-768x700.jpg 768w\" sizes=\"(max-width: 800px) 100vw, 800px\" \/><\/figure><div class=\"wp-block-media-text__content\">\n<h2 class=\"wp-block-heading\">Liebe Viertkl\u00e4sslerinnen und Viertkl\u00e4ssler,<br>liebe Eltern und Erziehungsberechtigte,<\/h2>\n<\/div><\/div>\n\n\n\n<p><br>in den kommenden Wochen steht eine spannende und wichtige Entscheidung an: Auf welcher weiterf\u00fchrenden Schule soll die Schulzeit nach den Sommerferien fortgesetzt werden?<\/p>\n\n\n\n<p>Es freut uns, dass unser Friedrich-Spee-Gymnasium in Deine und Ihre \u00dcberlegungen einbezogen wird. Die Schulhomepage bietet Einblicke in unser abwechslungsreiches und vielschichtiges Schulleben. Dar\u00fcber hinaus sind wesentliche Informationen zu den einzelnen Bildungsg\u00e4ngen zusammengestellt.<\/p>\n\n\n\n<p>Bei dem virtuellen Schulrundgang kann ein erster Eindruck von unserem Schulgeb\u00e4ude und von verschiedenen Fachr\u00e4umen gewonnen werden, in denen wir die vielf\u00e4ltigen Formen des schulischen Lernens gestalten.<\/p>\n\n\n\n<p>Unsere Schulgemeinschaft aus Sch\u00fclerinnen und Sch\u00fclern, Lehrerinnen und Lehrern und den Eltern w\u00fcrde sich sehr freuen, Euch und Sie bei unserem Tag der offenen T\u00fcr pers\u00f6nlich kennenzulernen und bei der Entscheidung \u00fcber die k\u00fcnftige Schule Orientierung zu geben. F\u00fcr individuelle Beratungen stehen wir selbstverst\u00e4ndlich jederzeit gerne zur Verf\u00fcgung.<\/p>\n\n\n\n<p>Hoffentlich bis bald<br><em>Heinfried Lichte<\/em><\/p>\n\n\n\n<hr class=\"wp-block-separator has-css-opacity\"\/>\n\n\n\n<div style=\"height:178px\" aria-hidden=\"true\" class=\"wp-block-spacer\"><\/div>\n","protected":false},"excerpt":{"rendered":"<p>Hier findest Du das Wichtigste \u00fcber Deine neue Schule. Liebe Viertkl\u00e4sslerinnen und Viertkl\u00e4ssler,liebe Eltern und Erziehungsberechtigte, in den kommenden Wochen steht eine spannende und wichtige Entscheidung an: Auf welcher weiterf\u00fchrenden [&hellip;]<\/p>\n","protected":false},"author":1,"featured_media":17714,"parent":1303,"menu_order":0,"comment_status":"closed","ping_status":"closed","template":"","meta":{"ocean_post_layout":"","ocean_both_sidebars_style":"","ocean_both_sidebars_content_width":0,"ocean_both_sidebars_sidebars_width":0,"ocean_sidebar":"ocs-informationen-fuer-neue-fuenftklaesslerinnen","ocean_second_sidebar":"0","ocean_disable_margins":"enable","ocean_add_body_class":"","ocean_shortcode_before_top_bar":"","ocean_shortcode_after_top_bar":"","ocean_shortcode_before_header":"","ocean_shortcode_after_header":"","ocean_has_shortcode":"","ocean_shortcode_after_title":"","ocean_shortcode_before_footer_widgets":"","ocean_shortcode_after_footer_widgets":"","ocean_shortcode_before_footer_bottom":"","ocean_shortcode_after_footer_bottom":"","ocean_display_top_bar":"default","ocean_display_header":"default","ocean_header_style":"","ocean_center_header_left_menu":"0","ocean_custom_header_template":"0","ocean_custom_logo":0,"ocean_custom_retina_logo":0,"ocean_custom_logo_max_width":0,"ocean_custom_logo_tablet_max_width":0,"ocean_custom_logo_mobile_max_width":0,"ocean_custom_logo_max_height":0,"ocean_custom_logo_tablet_max_height":0,"ocean_custom_logo_mobile_max_height":0,"ocean_header_custom_menu":"0","ocean_menu_typo_font_family":"0","ocean_menu_typo_font_subset":"","ocean_menu_typo_font_size":0,"ocean_menu_typo_font_size_tablet":0,"ocean_menu_typo_font_size_mobile":0,"ocean_menu_typo_font_size_unit":"px","ocean_menu_typo_font_weight":"","ocean_menu_typo_font_weight_tablet":"","ocean_menu_typo_font_weight_mobile":"","ocean_menu_typo_transform":"","ocean_menu_typo_transform_tablet":"","ocean_menu_typo_transform_mobile":"","ocean_menu_typo_line_height":0,"ocean_menu_typo_line_height_tablet":0,"ocean_menu_typo_line_height_mobile":0,"ocean_menu_typo_line_height_unit":"","ocean_menu_typo_spacing":0,"ocean_menu_typo_spacing_tablet":0,"ocean_menu_typo_spacing_mobile":0,"ocean_menu_typo_spacing_unit":"","ocean_menu_link_color":"","ocean_menu_link_color_hover":"","ocean_menu_link_color_active":"","ocean_menu_link_background":"","ocean_menu_link_hover_background":"","ocean_menu_link_active_background":"","ocean_menu_social_links_bg":"","ocean_menu_social_hover_links_bg":"","ocean_menu_social_links_color":"","ocean_menu_social_hover_links_color":"","ocean_disable_title":"default","ocean_disable_heading":"default","ocean_post_title":"","ocean_post_subheading":"","ocean_post_title_style":"background-image","ocean_post_title_background_color":"","ocean_post_title_background":12771,"ocean_post_title_bg_image_position":"","ocean_post_title_bg_image_attachment":"","ocean_post_title_bg_image_repeat":"","ocean_post_title_bg_image_size":"","ocean_post_title_height":500,"ocean_post_title_bg_overlay":0.2,"ocean_post_title_bg_overlay_color":"","ocean_disable_breadcrumbs":"default","ocean_breadcrumbs_color":"","ocean_breadcrumbs_separator_color":"","ocean_breadcrumbs_links_color":"","ocean_breadcrumbs_links_hover_color":"","ocean_display_footer_widgets":"default","ocean_display_footer_bottom":"default","ocean_custom_footer_template":"0","omw_enable_modal_window":"enable","footnotes":""},"class_list":["post-1305","page","type-page","status-publish","has-post-thumbnail","hentry","entry","has-media"],"_links":{"self":[{"href":"https:\/\/www.fsg-ruethen.de\/fsg\/wp-json\/wp\/v2\/pages\/1305","targetHints":{"allow":["GET"]}}],"collection":[{"href":"https:\/\/www.fsg-ruethen.de\/fsg\/wp-json\/wp\/v2\/pages"}],"about":[{"href":"https:\/\/www.fsg-ruethen.de\/fsg\/wp-json\/wp\/v2\/types\/page"}],"author":[{"embeddable":true,"href":"https:\/\/www.fsg-ruethen.de\/fsg\/wp-json\/wp\/v2\/users\/1"}],"replies":[{"embeddable":true,"href":"https:\/\/www.fsg-ruethen.de\/fsg\/wp-json\/wp\/v2\/comments?post=1305"}],"version-history":[{"count":1,"href":"https:\/\/www.fsg-ruethen.de\/fsg\/wp-json\/wp\/v2\/pages\/1305\/revisions"}],"predecessor-version":[{"id":14005,"href":"https:\/\/www.fsg-ruethen.de\/fsg\/wp-json\/wp\/v2\/pages\/1305\/revisions\/14005"}],"up":[{"embeddable":true,"href":"https:\/\/www.fsg-ruethen.de\/fsg\/wp-json\/wp\/v2\/pages\/1303"}],"wp:featuredmedia":[{"embeddable":true,"href":"https:\/\/www.fsg-ruethen.de\/fsg\/wp-json\/wp\/v2\/media\/17714"}],"wp:attachment":[{"href":"https:\/\/www.fsg-ruethen.de\/fsg\/wp-json\/wp\/v2\/media?parent=1305"}],"curies":[{"name":"wp","href":"https:\/\/api.w.org\/{rel}","templated":true}]}}