{"id":1093,"date":"2021-02-19T13:37:19","date_gmt":"2021-02-19T12:37:19","guid":{"rendered":"https:\/\/www.fsg-ruethen.de\/wordpress\/?page_id=1093"},"modified":"2024-03-16T13:17:20","modified_gmt":"2024-03-16T12:17:20","slug":"datenschutzerklaerung","status":"publish","type":"page","link":"https:\/\/www.fsg-ruethen.de\/fsg\/service-und-hilfe\/datenschutzerklaerung\/","title":{"rendered":"Datenschutzerkl\u00e4rung"},"content":{"rendered":"\n<h2 class=\"wp-block-heading\">Verantwortlicher und Datenschutzbeauftragter<\/h2>\n\n\n\n<p>Verantwortlicher gem. Art. 4 Nr. 7 EU-Datenschutz-Grundverordnung (EU-DSGVO) ist<\/p>\n\n\n\n<p>Friedrich-Spee-Gymnasium R\u00fcthen<br>Schulleitung. Heinfried Lichte<br>Lippst\u00e4dter Stra\u00dfe 8<br>59602&nbsp;R\u00fcthen<br><a href=\"mailto:leitung@fsg-ruethen.de\">leitung@fsg-ruethen.de<\/a><\/p>\n\n\n\n<p>Die\/den schulischen Datenschutzbeauftragten erreichen Sie unter <a href=\"mailto:datenschutzbeauftragter.schulamt@kreis-unna.de\">datenschutzbeauftragter.schulamt@kreis-unna.de<\/a> oder \u00fcber die nachfolgende Postadresse:<\/p>\n\n\n\n<p>Schulamt f\u00fcr den Kreis Soest<br>Schulischer Datenschutzbeauftragter<br>Hoher Weg 1-3<br>59494 Soest<\/p>\n\n\n\n<p>Telefon: 02303\/27-1448, donnerstags vormittags<\/p>\n\n\n\n<h2 class=\"wp-block-heading\">Ihre Rechte als Nutzer<\/h2>\n\n\n\n<p>Sie haben nach Ma\u00dfgabe der Artikel 15, 16, 17, 18 und 21 EU-DSGVO gegen\u00fcber uns folgende Rechte hinsichtlich der Sie betreffenden personenbezogenen Daten:<\/p>\n\n\n\n<ul class=\"wp-block-list\">\n<li>Recht auf Auskunft,<\/li>\n\n\n\n<li>Recht auf Berichtigung oder L\u00f6schung,<\/li>\n\n\n\n<li>Recht auf Einschr\u00e4nkung der Verarbeitung,<\/li>\n\n\n\n<li>Recht auf Widerspruch gegen die Verarbeitung,<\/li>\n\n\n\n<li>Recht auf Daten\u00fcbertragbarkeit.<\/li>\n<\/ul>\n\n\n\n<p>Wenn Sie der Auffassung sind, dass eine Verarbeitung Ihrer personenbezogener Daten gegen Datenschutzrecht verst\u00f6\u00dft, haben Sie das Recht, sich bei der zust\u00e4ndigen Aufsichtsbeh\u00f6rde zu beschweren, die Sie unter folgenden Kontaktdaten erreichen k\u00f6nnen:<\/p>\n\n\n\n<p>Landesbeauftragte f\u00fcr Datenschutz und Informationsfreiheit &nbsp;<br>Nordrhein-Westfalen &nbsp;<br>Postfach 20 04 44 &nbsp;<br>40102 D\u00fcsseldorf &nbsp;<br>Tel.: 0211\/38424-0 &nbsp;<br>Fax: 0211\/38424-10 &nbsp;<br>E-Mail: poststelle@ldi.nrw.de<\/p>\n\n\n\n<h2 class=\"wp-block-heading\">Hinweise zur Datenverarbeitung<\/h2>\n\n\n\n<p>Bei dem Aufruf unserer Website werden personenbezogene Daten erhoben. Dies ist aus technischen Gr\u00fcnden erforderlich, um Ihnen unsere Website anzuzeigen und die Stabilit\u00e4t und Sicherheit zu gew\u00e4hrleisten. Rechtsgrundlage ist Art. 6 Abs. 1 S. 1 lit. e, Abs. 3 EU-DSGVO in Verbindung mit \u00a7 3 Abs. 1 Datenschutzgesetz Nordrhein-Westfalen (DSG NRW).<\/p>\n\n\n\n<p>Das Internetangebot der Schule wird bei STRATO AG gehostet. Bei jedem Zugriff auf Inhalte des Internetangebotes werden dort personenbezogene Daten empfangen und vor\u00fcbergehend bis zu 6 Monaten \u00fcber sogenannte Protokoll- oder Log-Dateien gespeichert.<\/p>\n\n\n\n<p>Die folgenden Daten werden bei jedem Aufruf der Internetseite erhoben:<\/p>\n\n\n\n<ul class=\"wp-block-list\">\n<li>Kunden-Domain<\/li>\n\n\n\n<li>Anonymisierte Client-IP<\/li>\n\n\n\n<li>Request-Zeile<\/li>\n\n\n\n<li>Timestamp<\/li>\n\n\n\n<li>Status Code<\/li>\n\n\n\n<li>Gr\u00f6\u00dfe des Response Bodies<\/li>\n\n\n\n<li>Referrer der vom Client gesendet wurde<\/li>\n\n\n\n<li>User Agent der vom Client gesendet wurde<\/li>\n\n\n\n<li>Remote User. IP-Adresse<\/li>\n<\/ul>\n\n\n\n<p>Wir weisen darauf hin, dass Betreiber von fremden Internetseiten, die vom Portal aus verlinkt werden, die Daten von Besucherinnen bzw. Besuchern dieser Internetseiten erheben und auswerten k\u00f6nnen.<\/p>\n\n\n\n<p>Bei Ihrer Kontaktaufnahme mit uns per E-Mail oder \u00fcber ein Kontaktformular m\u00fcssen die von Ihnen freiwillig mitgeteilten Daten (Ihre E-Mail-Adresse, ggf. Ihr Name und Ihre Telefonnummer) gespeichert werden, um Ihrem Anliegen entgegen kommen zu k\u00f6nnen. Rechtsgrundlage ist Art. 6 Abs. 1 S. 1 lit. e, Abs. 3 EU-DSGVO in Verbindung mit \u00a7 3 Abs. 1 Datenschutzgesetz Nordrhein-Westfalen (DSG NRW).<\/p>\n\n\n\n<p>Die von Ihnen eingegebenen pers\u00f6nlichen Daten verwenden wir nur zu dem von Ihnen gew\u00fcnschten Zweck. Die in diesem Zusammenhang anfallenden Daten l\u00f6schen wir, nachdem die Speicherung nicht mehr erforderlich ist.<\/p>\n\n\n\n<div class=\"wp-block-file\"><a id=\"wp-block-file--media-b1a14253-8ad2-4afa-a001-d567554369ab\" href=\"https:\/\/www.fsg-ruethen.de\/fsg\/wp-content\/uploads\/2021\/03\/Rechtsgrundlage_Datenschutz.pdf\">Rechtsgrundlage_Datenschutz<\/a><a href=\"https:\/\/www.fsg-ruethen.de\/fsg\/wp-content\/uploads\/2021\/03\/Rechtsgrundlage_Datenschutz.pdf\" class=\"wp-block-file__button wp-element-button\" download aria-describedby=\"wp-block-file--media-b1a14253-8ad2-4afa-a001-d567554369ab\">Herunterladen<\/a><\/div>\n\n\n\n<p><\/p>\n","protected":false},"excerpt":{"rendered":"<p>Verantwortlicher und Datenschutzbeauftragter Verantwortlicher gem. Art. 4 Nr. 7 EU-Datenschutz-Grundverordnung (EU-DSGVO) ist Friedrich-Spee-Gymnasium R\u00fcthenSchulleitung. Heinfried LichteLippst\u00e4dter Stra\u00dfe 859602&nbsp;R\u00fcthenleitung@fsg-ruethen.de Die\/den schulischen Datenschutzbeauftragten erreichen Sie unter datenschutzbeauftragter.schulamt@kreis-unna.de oder \u00fcber die nachfolgende Postadresse: [&hellip;]<\/p>\n","protected":false},"author":1,"featured_media":0,"parent":1036,"menu_order":0,"comment_status":"closed","ping_status":"closed","template":"","meta":{"ocean_post_layout":"","ocean_both_sidebars_style":"","ocean_both_sidebars_content_width":0,"ocean_both_sidebars_sidebars_width":0,"ocean_sidebar":"ocs-service-und-hilfe","ocean_second_sidebar":"0","ocean_disable_margins":"enable","ocean_add_body_class":"","ocean_shortcode_before_top_bar":"","ocean_shortcode_after_top_bar":"","ocean_shortcode_before_header":"","ocean_shortcode_after_header":"","ocean_has_shortcode":"","ocean_shortcode_after_title":"","ocean_shortcode_before_footer_widgets":"","ocean_shortcode_after_footer_widgets":"","ocean_shortcode_before_footer_bottom":"","ocean_shortcode_after_footer_bottom":"","ocean_display_top_bar":"default","ocean_display_header":"default","ocean_header_style":"","ocean_center_header_left_menu":"0","ocean_custom_header_template":"0","ocean_custom_logo":0,"ocean_custom_retina_logo":0,"ocean_custom_logo_max_width":0,"ocean_custom_logo_tablet_max_width":0,"ocean_custom_logo_mobile_max_width":0,"ocean_custom_logo_max_height":0,"ocean_custom_logo_tablet_max_height":0,"ocean_custom_logo_mobile_max_height":0,"ocean_header_custom_menu":"0","ocean_menu_typo_font_family":"0","ocean_menu_typo_font_subset":"","ocean_menu_typo_font_size":0,"ocean_menu_typo_font_size_tablet":0,"ocean_menu_typo_font_size_mobile":0,"ocean_menu_typo_font_size_unit":"px","ocean_menu_typo_font_weight":"","ocean_menu_typo_font_weight_tablet":"","ocean_menu_typo_font_weight_mobile":"","ocean_menu_typo_transform":"","ocean_menu_typo_transform_tablet":"","ocean_menu_typo_transform_mobile":"","ocean_menu_typo_line_height":0,"ocean_menu_typo_line_height_tablet":0,"ocean_menu_typo_line_height_mobile":0,"ocean_menu_typo_line_height_unit":"","ocean_menu_typo_spacing":0,"ocean_menu_typo_spacing_tablet":0,"ocean_menu_typo_spacing_mobile":0,"ocean_menu_typo_spacing_unit":"","ocean_menu_link_color":"","ocean_menu_link_color_hover":"","ocean_menu_link_color_active":"","ocean_menu_link_background":"","ocean_menu_link_hover_background":"","ocean_menu_link_active_background":"","ocean_menu_social_links_bg":"","ocean_menu_social_hover_links_bg":"","ocean_menu_social_links_color":"","ocean_menu_social_hover_links_color":"","ocean_disable_title":"default","ocean_disable_heading":"default","ocean_post_title":"","ocean_post_subheading":"","ocean_post_title_style":"background-image","ocean_post_title_background_color":"","ocean_post_title_background":4102,"ocean_post_title_bg_image_position":"","ocean_post_title_bg_image_attachment":"","ocean_post_title_bg_image_repeat":"","ocean_post_title_bg_image_size":"","ocean_post_title_height":0,"ocean_post_title_bg_overlay":0.1,"ocean_post_title_bg_overlay_color":"","ocean_disable_breadcrumbs":"default","ocean_breadcrumbs_color":"","ocean_breadcrumbs_separator_color":"","ocean_breadcrumbs_links_color":"","ocean_breadcrumbs_links_hover_color":"","ocean_display_footer_widgets":"default","ocean_display_footer_bottom":"default","ocean_custom_footer_template":"0","omw_enable_modal_window":"enable","footnotes":""},"class_list":["post-1093","page","type-page","status-publish","hentry","entry"],"_links":{"self":[{"href":"https:\/\/www.fsg-ruethen.de\/fsg\/wp-json\/wp\/v2\/pages\/1093","targetHints":{"allow":["GET"]}}],"collection":[{"href":"https:\/\/www.fsg-ruethen.de\/fsg\/wp-json\/wp\/v2\/pages"}],"about":[{"href":"https:\/\/www.fsg-ruethen.de\/fsg\/wp-json\/wp\/v2\/types\/page"}],"author":[{"embeddable":true,"href":"https:\/\/www.fsg-ruethen.de\/fsg\/wp-json\/wp\/v2\/users\/1"}],"replies":[{"embeddable":true,"href":"https:\/\/www.fsg-ruethen.de\/fsg\/wp-json\/wp\/v2\/comments?post=1093"}],"version-history":[{"count":3,"href":"https:\/\/www.fsg-ruethen.de\/fsg\/wp-json\/wp\/v2\/pages\/1093\/revisions"}],"predecessor-version":[{"id":14029,"href":"https:\/\/www.fsg-ruethen.de\/fsg\/wp-json\/wp\/v2\/pages\/1093\/revisions\/14029"}],"up":[{"embeddable":true,"href":"https:\/\/www.fsg-ruethen.de\/fsg\/wp-json\/wp\/v2\/pages\/1036"}],"wp:attachment":[{"href":"https:\/\/www.fsg-ruethen.de\/fsg\/wp-json\/wp\/v2\/media?parent=1093"}],"curies":[{"name":"wp","href":"https:\/\/api.w.org\/{rel}","templated":true}]}}