{"id":1015,"date":"2021-02-18T10:01:24","date_gmt":"2021-02-18T09:01:24","guid":{"rendered":"https:\/\/www.fsg-ruethen.de\/wordpress\/?page_id=1015"},"modified":"2024-09-05T16:27:58","modified_gmt":"2024-09-05T14:27:58","slug":"mensa","status":"publish","type":"page","link":"https:\/\/www.fsg-ruethen.de\/fsg\/service-und-hilfe\/mensa\/","title":{"rendered":"Mensa"},"content":{"rendered":"\n<h1 class=\"wp-block-heading\">Die Mittagsverpflegung in unserer Mensa<\/h1>\n\n\n\n<h2 class=\"wp-block-heading\">Grunds\u00e4tzliche Informationen<\/h2>\n\n\n\n<p>Mit unserem Kooperationspartner, der Privaten Sekundarschule in R\u00fcthen im Schulzentrum am Schlangenpfad, nutzen wir gemeinsam die 2011 gebaute moderne Mensa. Durch eine eigene K\u00fcche werden die Sch\u00fclerinnen und Sch\u00fcler mit gesundem und abwechslungsreichem Mittagessen versorgt.<\/p>\n\n\n\n<h2 class=\"wp-block-heading\">Kosten<\/h2>\n\n\n\n<p>Der Preis einer Mahlzeit setzt sich aus den Personalkosten, Materialkosten, Ersatzbeschaffungen und R\u00fccklagen\/Abschreibungen zusammen. Der Beitrag dient ausschlie\u00dflich dem Wohl der Sch\u00fclerinnen und Sch\u00fcler sowie den Mitarbeitern der Schulen. Es wird kein Gewinn erwirtschaftet. R\u00fccklagen k\u00f6nnen gebildet werden.<\/p>\n\n\n\n<p>Der Kostenbeitrag der Eltern betr\u00e4gt monatlich 48 \u20ac. Dieser Monatspreis ist ein Pauschalpreis, der sich aus einem 11-tel der Jahreskosten ergibt \u2013 unabh\u00e4ngig von der tats\u00e4chlich ausgegebenen Anzahl Essen im Monat.<\/p>\n\n\n\n<p>Der Monatsbeitrag von 48 \u20ac wird 11x im Voraus per Lastschrift zum 1. eines jeden Monats (mit Ausnahme August) ab dem 01. September erhoben. Kosten f\u00fcr Lastschriften, die zur\u00fcck kommen, werden in Rechnung gestellt. Kosten f\u00fcr nicht eingenommene Mahlzeiten werden nicht erstattet.<\/p>\n\n\n\n<p>Der Essenspreis wird den Kostenentwicklungen automatisch angepasst. Dar\u00fcber wird mindestens zwei Monate vorher informiert. Daraus ergibt sich ein K\u00fcndigungsrecht.<\/p>\n\n\n\n<h2 class=\"wp-block-heading\">Vertrag\/K\u00fcndigung<\/h2>\n\n\n\n<p>Der Vertrag gilt f\u00fcr ein Schulhalbjahr und verl\u00e4ngert sich automatisch bis zum Schuljahresende, sofern nicht schriftlich mindestens drei Wochen vor Ende des Schulhalbjahres gek\u00fcndigt wird.<\/p>\n\n\n\n<p>Eltern, deren Kinder im neuen Schuljahr das Mensaangebot weiter nutzen wollen, f\u00fcllen bitte nach Bekanntgabe des Stundenplanes ein neues Mensa-Abo aus und geben es im Sekretariat des Friedrich-Spee-Gymnasium zur\u00fcck.<\/p>\n\n\n\n<h2 class=\"wp-block-heading\">Downloads<\/h2>\n\n\n\n<p><a href=\"https:\/\/www.fsg-ruethen.de\/fsg\/wp-content\/uploads\/2024\/09\/Mensa-Abo_Vertrag_FSG_Stand_27_09_23.pdf\">Vordruck Mensa-Abo<\/a><\/p>\n\n\n\n<h2 class=\"wp-block-heading\">Men\u00fcplan<\/h2>\n\n\n\n<figure class=\"wp-block-gallery has-nested-images columns-default is-cropped wp-block-gallery-1 is-layout-flex wp-block-gallery-is-layout-flex\"><\/figure>\n\n\n\n<p>Den w\u00f6chentlich wechselnden Men\u00fcplan entnehmen Sie bitte der&nbsp;<br><a rel=\"noreferrer noopener\" href=\"https:\/\/sekundarschule-ruethen.de\/mensa\/\" target=\"_blank\">Homepage der Sekundarschule<\/a>.<\/p>\n\n\n\n<blockquote class=\"wp-block-quote is-layout-flow wp-block-quote-is-layout-flow\">\n<p>Wir w\u00fcnschen: Guten Appetit.<\/p>\n<\/blockquote>\n","protected":false},"excerpt":{"rendered":"<p>Die Mittagsverpflegung in unserer Mensa Grunds\u00e4tzliche Informationen Mit unserem Kooperationspartner, der Privaten Sekundarschule in R\u00fcthen im Schulzentrum am Schlangenpfad, nutzen wir gemeinsam die 2011 gebaute moderne Mensa. Durch eine eigene [&hellip;]<\/p>\n","protected":false},"author":1,"featured_media":0,"parent":1036,"menu_order":0,"comment_status":"closed","ping_status":"closed","template":"","meta":{"ocean_post_layout":"","ocean_both_sidebars_style":"","ocean_both_sidebars_content_width":0,"ocean_both_sidebars_sidebars_width":0,"ocean_sidebar":"ocs-service-und-hilfe","ocean_second_sidebar":"0","ocean_disable_margins":"enable","ocean_add_body_class":"","ocean_shortcode_before_top_bar":"","ocean_shortcode_after_top_bar":"","ocean_shortcode_before_header":"","ocean_shortcode_after_header":"","ocean_has_shortcode":"","ocean_shortcode_after_title":"","ocean_shortcode_before_footer_widgets":"","ocean_shortcode_after_footer_widgets":"","ocean_shortcode_before_footer_bottom":"","ocean_shortcode_after_footer_bottom":"","ocean_display_top_bar":"default","ocean_display_header":"default","ocean_header_style":"","ocean_center_header_left_menu":"0","ocean_custom_header_template":"0","ocean_custom_logo":0,"ocean_custom_retina_logo":0,"ocean_custom_logo_max_width":0,"ocean_custom_logo_tablet_max_width":0,"ocean_custom_logo_mobile_max_width":0,"ocean_custom_logo_max_height":0,"ocean_custom_logo_tablet_max_height":0,"ocean_custom_logo_mobile_max_height":0,"ocean_header_custom_menu":"0","ocean_menu_typo_font_family":"0","ocean_menu_typo_font_subset":"","ocean_menu_typo_font_size":0,"ocean_menu_typo_font_size_tablet":0,"ocean_menu_typo_font_size_mobile":0,"ocean_menu_typo_font_size_unit":"px","ocean_menu_typo_font_weight":"","ocean_menu_typo_font_weight_tablet":"","ocean_menu_typo_font_weight_mobile":"","ocean_menu_typo_transform":"","ocean_menu_typo_transform_tablet":"","ocean_menu_typo_transform_mobile":"","ocean_menu_typo_line_height":0,"ocean_menu_typo_line_height_tablet":0,"ocean_menu_typo_line_height_mobile":0,"ocean_menu_typo_line_height_unit":"","ocean_menu_typo_spacing":0,"ocean_menu_typo_spacing_tablet":0,"ocean_menu_typo_spacing_mobile":0,"ocean_menu_typo_spacing_unit":"","ocean_menu_link_color":"","ocean_menu_link_color_hover":"","ocean_menu_link_color_active":"","ocean_menu_link_background":"","ocean_menu_link_hover_background":"","ocean_menu_link_active_background":"","ocean_menu_social_links_bg":"","ocean_menu_social_hover_links_bg":"","ocean_menu_social_links_color":"","ocean_menu_social_hover_links_color":"","ocean_disable_title":"default","ocean_disable_heading":"default","ocean_post_title":"","ocean_post_subheading":"","ocean_post_title_style":"background-image","ocean_post_title_background_color":"","ocean_post_title_background":4102,"ocean_post_title_bg_image_position":"","ocean_post_title_bg_image_attachment":"","ocean_post_title_bg_image_repeat":"","ocean_post_title_bg_image_size":"","ocean_post_title_height":0,"ocean_post_title_bg_overlay":0.1,"ocean_post_title_bg_overlay_color":"","ocean_disable_breadcrumbs":"default","ocean_breadcrumbs_color":"","ocean_breadcrumbs_separator_color":"","ocean_breadcrumbs_links_color":"","ocean_breadcrumbs_links_hover_color":"","ocean_display_footer_widgets":"default","ocean_display_footer_bottom":"default","ocean_custom_footer_template":"0","omw_enable_modal_window":"enable","footnotes":""},"class_list":["post-1015","page","type-page","status-publish","hentry","entry"],"_links":{"self":[{"href":"https:\/\/www.fsg-ruethen.de\/fsg\/wp-json\/wp\/v2\/pages\/1015","targetHints":{"allow":["GET"]}}],"collection":[{"href":"https:\/\/www.fsg-ruethen.de\/fsg\/wp-json\/wp\/v2\/pages"}],"about":[{"href":"https:\/\/www.fsg-ruethen.de\/fsg\/wp-json\/wp\/v2\/types\/page"}],"author":[{"embeddable":true,"href":"https:\/\/www.fsg-ruethen.de\/fsg\/wp-json\/wp\/v2\/users\/1"}],"replies":[{"embeddable":true,"href":"https:\/\/www.fsg-ruethen.de\/fsg\/wp-json\/wp\/v2\/comments?post=1015"}],"version-history":[{"count":3,"href":"https:\/\/www.fsg-ruethen.de\/fsg\/wp-json\/wp\/v2\/pages\/1015\/revisions"}],"predecessor-version":[{"id":14845,"href":"https:\/\/www.fsg-ruethen.de\/fsg\/wp-json\/wp\/v2\/pages\/1015\/revisions\/14845"}],"up":[{"embeddable":true,"href":"https:\/\/www.fsg-ruethen.de\/fsg\/wp-json\/wp\/v2\/pages\/1036"}],"wp:attachment":[{"href":"https:\/\/www.fsg-ruethen.de\/fsg\/wp-json\/wp\/v2\/media?parent=1015"}],"curies":[{"name":"wp","href":"https:\/\/api.w.org\/{rel}","templated":true}]}}